{"id":46098,"date":"2018-11-28T14:01:41","date_gmt":"2018-11-28T11:01:41","guid":{"rendered":"http:\/\/www.ramrolf.eu\/product\/lvskidras-kremziepes-extra-s-jasmine-500ml-ewol\/"},"modified":"2018-11-28T14:01:41","modified_gmt":"2018-11-28T11:01:41","slug":"lvskidras-kremziepes-extra-s-jasmine-500ml-ewol","status":"publish","type":"product","link":"https:\/\/ramrolf.lv\/lv\/product\/lvskidras-kremziepes-extra-s-jasmine-500ml-ewol\/","title":{"rendered":"\u0160\u0137idr\u0101s kr\u0113mziepes EXTRA S Jasmine 500ml,  EWOL"},"content":{"rendered":"","protected":false},"excerpt":{"rendered":"<p>\u0160\u0137idras ziepes<\/p>\n","protected":false},"featured_media":46099,"template":"","meta":[],"product_cat":[508],"product_tag":[],"_links":{"self":[{"href":"https:\/\/ramrolf.lv\/lv\/wp-json\/wp\/v2\/product\/46098"}],"collection":[{"href":"https:\/\/ramrolf.lv\/lv\/wp-json\/wp\/v2\/product"}],"about":[{"href":"https:\/\/ramrolf.lv\/lv\/wp-json\/wp\/v2\/types\/product"}],"wp:featuredmedia":[{"embeddable":true,"href":"https:\/\/ramrolf.lv\/lv\/wp-json\/wp\/v2\/media\/46099"}],"wp:attachment":[{"href":"https:\/\/ramrolf.lv\/lv\/wp-json\/wp\/v2\/media?parent=46098"}],"wp:term":[{"taxonomy":"product_cat","embeddable":true,"href":"https:\/\/ramrolf.lv\/lv\/wp-json\/wp\/v2\/product_cat?post=46098"},{"taxonomy":"product_tag","embeddable":true,"href":"https:\/\/ramrolf.lv\/lv\/wp-json\/wp\/v2\/product_tag?post=46098"}],"curies":[{"name":"wp","href":"https:\/\/api.w.org\/{rel}","templated":true}]}}