{"id":46108,"date":"2018-11-28T14:01:45","date_gmt":"2018-11-28T11:01:45","guid":{"rendered":"http:\/\/www.ramrolf.eu\/product\/lvturetajs-dvieliem-enmotion-ar-sensoru-balts\/"},"modified":"2018-11-28T14:01:45","modified_gmt":"2018-11-28T11:01:45","slug":"lvturetajs-dvieliem-enmotion-ar-sensoru-balts","status":"publish","type":"product","link":"https:\/\/ramrolf.lv\/lv\/product\/lvturetajs-dvieliem-enmotion-ar-sensoru-balts\/","title":{"rendered":"Tur\u0113t\u0101js dvie\u013ciem enMotion ar sensoru,  balts"},"content":{"rendered":"","protected":false},"excerpt":{"rendered":"<p>Pap\u012bra dvie\u013cu tur\u0113t\u0101ji<\/p>\n","protected":false},"featured_media":46109,"template":"","meta":[],"product_cat":[507],"product_tag":[],"_links":{"self":[{"href":"https:\/\/ramrolf.lv\/lv\/wp-json\/wp\/v2\/product\/46108"}],"collection":[{"href":"https:\/\/ramrolf.lv\/lv\/wp-json\/wp\/v2\/product"}],"about":[{"href":"https:\/\/ramrolf.lv\/lv\/wp-json\/wp\/v2\/types\/product"}],"wp:featuredmedia":[{"embeddable":true,"href":"https:\/\/ramrolf.lv\/lv\/wp-json\/wp\/v2\/media\/46109"}],"wp:attachment":[{"href":"https:\/\/ramrolf.lv\/lv\/wp-json\/wp\/v2\/media?parent=46108"}],"wp:term":[{"taxonomy":"product_cat","embeddable":true,"href":"https:\/\/ramrolf.lv\/lv\/wp-json\/wp\/v2\/product_cat?post=46108"},{"taxonomy":"product_tag","embeddable":true,"href":"https:\/\/ramrolf.lv\/lv\/wp-json\/wp\/v2\/product_tag?post=46108"}],"curies":[{"name":"wp","href":"https:\/\/api.w.org\/{rel}","templated":true}]}}