{"id":46124,"date":"2018-11-28T14:01:51","date_gmt":"2018-11-28T11:01:51","guid":{"rendered":"http:\/\/www.ramrolf.eu\/product\/lvtualetes-papirs-tork-coreless-adv-113m-900-loksnes\/"},"modified":"2018-11-28T14:01:51","modified_gmt":"2018-11-28T11:01:51","slug":"lvtualetes-papirs-tork-coreless-adv-113m-900-loksnes","status":"publish","type":"product","link":"https:\/\/ramrolf.lv\/lv\/product\/lvtualetes-papirs-tork-coreless-adv-113m-900-loksnes\/","title":{"rendered":"Tualetes pap\u012brs TORK Coreless Adv. 113m, 900 loksnes"},"content":{"rendered":"","protected":false},"excerpt":{"rendered":"<p>Tualetes pap\u012brs tur\u0113t\u0101jiem<\/p>\n","protected":false},"featured_media":46125,"template":"","meta":[],"product_cat":[511],"product_tag":[],"_links":{"self":[{"href":"https:\/\/ramrolf.lv\/lv\/wp-json\/wp\/v2\/product\/46124"}],"collection":[{"href":"https:\/\/ramrolf.lv\/lv\/wp-json\/wp\/v2\/product"}],"about":[{"href":"https:\/\/ramrolf.lv\/lv\/wp-json\/wp\/v2\/types\/product"}],"wp:featuredmedia":[{"embeddable":true,"href":"https:\/\/ramrolf.lv\/lv\/wp-json\/wp\/v2\/media\/46125"}],"wp:attachment":[{"href":"https:\/\/ramrolf.lv\/lv\/wp-json\/wp\/v2\/media?parent=46124"}],"wp:term":[{"taxonomy":"product_cat","embeddable":true,"href":"https:\/\/ramrolf.lv\/lv\/wp-json\/wp\/v2\/product_cat?post=46124"},{"taxonomy":"product_tag","embeddable":true,"href":"https:\/\/ramrolf.lv\/lv\/wp-json\/wp\/v2\/product_tag?post=46124"}],"curies":[{"name":"wp","href":"https:\/\/api.w.org\/{rel}","templated":true}]}}