{"id":46130,"date":"2018-11-28T14:01:54","date_gmt":"2018-11-28T11:01:54","guid":{"rendered":"http:\/\/www.ramrolf.eu\/product\/lvlupata-gridam-60x70cm-effect-balta\/"},"modified":"2018-11-28T14:01:54","modified_gmt":"2018-11-28T11:01:54","slug":"lvlupata-gridam-60x70cm-effect-balta","status":"publish","type":"product","link":"https:\/\/ramrolf.lv\/lv\/product\/lvlupata-gridam-60x70cm-effect-balta\/","title":{"rendered":"Lupata gr\u012bd\u0101m,  60x70cm,  EFFECT,  balta"},"content":{"rendered":"","protected":false},"excerpt":{"rendered":"<p>Lupatas, \u0161vammes<\/p>\n","protected":false},"featured_media":46131,"template":"","meta":[],"product_cat":[506],"product_tag":[],"_links":{"self":[{"href":"https:\/\/ramrolf.lv\/lv\/wp-json\/wp\/v2\/product\/46130"}],"collection":[{"href":"https:\/\/ramrolf.lv\/lv\/wp-json\/wp\/v2\/product"}],"about":[{"href":"https:\/\/ramrolf.lv\/lv\/wp-json\/wp\/v2\/types\/product"}],"wp:featuredmedia":[{"embeddable":true,"href":"https:\/\/ramrolf.lv\/lv\/wp-json\/wp\/v2\/media\/46131"}],"wp:attachment":[{"href":"https:\/\/ramrolf.lv\/lv\/wp-json\/wp\/v2\/media?parent=46130"}],"wp:term":[{"taxonomy":"product_cat","embeddable":true,"href":"https:\/\/ramrolf.lv\/lv\/wp-json\/wp\/v2\/product_cat?post=46130"},{"taxonomy":"product_tag","embeddable":true,"href":"https:\/\/ramrolf.lv\/lv\/wp-json\/wp\/v2\/product_tag?post=46130"}],"curies":[{"name":"wp","href":"https:\/\/api.w.org\/{rel}","templated":true}]}}