{"id":46148,"date":"2018-11-28T14:02:01","date_gmt":"2018-11-28T11:02:01","guid":{"rendered":"http:\/\/www.ramrolf.eu\/product\/lvmikroskiedras-lupatina-32x36cm-universala\/"},"modified":"2018-11-28T14:02:01","modified_gmt":"2018-11-28T11:02:01","slug":"lvmikroskiedras-lupatina-32x36cm-universala","status":"publish","type":"product","link":"https:\/\/ramrolf.lv\/lv\/product\/lvmikroskiedras-lupatina-32x36cm-universala\/","title":{"rendered":"Mikro\u0161\u0137iedras lupati\u0146a 32x36cm univers\u0101la"},"content":{"rendered":"","protected":false},"excerpt":{"rendered":"<p>Lupatas, \u0161vammes<\/p>\n","protected":false},"featured_media":46149,"template":"","meta":[],"product_cat":[506],"product_tag":[],"_links":{"self":[{"href":"https:\/\/ramrolf.lv\/lv\/wp-json\/wp\/v2\/product\/46148"}],"collection":[{"href":"https:\/\/ramrolf.lv\/lv\/wp-json\/wp\/v2\/product"}],"about":[{"href":"https:\/\/ramrolf.lv\/lv\/wp-json\/wp\/v2\/types\/product"}],"wp:featuredmedia":[{"embeddable":true,"href":"https:\/\/ramrolf.lv\/lv\/wp-json\/wp\/v2\/media\/46149"}],"wp:attachment":[{"href":"https:\/\/ramrolf.lv\/lv\/wp-json\/wp\/v2\/media?parent=46148"}],"wp:term":[{"taxonomy":"product_cat","embeddable":true,"href":"https:\/\/ramrolf.lv\/lv\/wp-json\/wp\/v2\/product_cat?post=46148"},{"taxonomy":"product_tag","embeddable":true,"href":"https:\/\/ramrolf.lv\/lv\/wp-json\/wp\/v2\/product_tag?post=46148"}],"curies":[{"name":"wp","href":"https:\/\/api.w.org\/{rel}","templated":true}]}}