{"id":46152,"date":"2018-11-28T14:02:04","date_gmt":"2018-11-28T11:02:04","guid":{"rendered":"http:\/\/www.ramrolf.eu\/product\/lvastonish-all-in-1-tabletes-trauku-mazgajamam-masinam-42gab\/"},"modified":"2018-11-28T14:02:04","modified_gmt":"2018-11-28T11:02:04","slug":"lvastonish-all-in-1-tabletes-trauku-mazgajamam-masinam-42gab","status":"publish","type":"product","link":"https:\/\/ramrolf.lv\/lv\/product\/lvastonish-all-in-1-tabletes-trauku-mazgajamam-masinam-42gab\/","title":{"rendered":"ASTONISH ALL in 1 tabletes trauku mazg\u0101jam\u0101m ma\u0161\u012bn\u0101m,  42gab."},"content":{"rendered":"","protected":false},"excerpt":{"rendered":"<p>Trauku mazg\u0101\u0161anas l\u012bdzek\u013ci<\/p>\n","protected":false},"featured_media":46153,"template":"","meta":[],"product_cat":[503],"product_tag":[],"_links":{"self":[{"href":"https:\/\/ramrolf.lv\/lv\/wp-json\/wp\/v2\/product\/46152"}],"collection":[{"href":"https:\/\/ramrolf.lv\/lv\/wp-json\/wp\/v2\/product"}],"about":[{"href":"https:\/\/ramrolf.lv\/lv\/wp-json\/wp\/v2\/types\/product"}],"wp:featuredmedia":[{"embeddable":true,"href":"https:\/\/ramrolf.lv\/lv\/wp-json\/wp\/v2\/media\/46153"}],"wp:attachment":[{"href":"https:\/\/ramrolf.lv\/lv\/wp-json\/wp\/v2\/media?parent=46152"}],"wp:term":[{"taxonomy":"product_cat","embeddable":true,"href":"https:\/\/ramrolf.lv\/lv\/wp-json\/wp\/v2\/product_cat?post=46152"},{"taxonomy":"product_tag","embeddable":true,"href":"https:\/\/ramrolf.lv\/lv\/wp-json\/wp\/v2\/product_tag?post=46152"}],"curies":[{"name":"wp","href":"https:\/\/api.w.org\/{rel}","templated":true}]}}