{"id":46182,"date":"2018-11-28T14:02:13","date_gmt":"2018-11-28T11:02:13","guid":{"rendered":"http:\/\/www.ramrolf.eu\/product\/lvajax-all-in-1-tirisanas-lidzeklis-spray-500ml\/"},"modified":"2018-11-28T14:02:13","modified_gmt":"2018-11-28T11:02:13","slug":"lvajax-all-in-1-tirisanas-lidzeklis-spray-500ml","status":"publish","type":"product","link":"https:\/\/ramrolf.lv\/lv\/product\/lvajax-all-in-1-tirisanas-lidzeklis-spray-500ml\/","title":{"rendered":"Ajax ALL in 1,  t\u012br\u012b\u0161anas l\u012bdzeklis,  spray 500ml"},"content":{"rendered":"","protected":false},"excerpt":{"rendered":"<p>Univers\u0101lie t\u012br\u012b\u0161anas un mazg\u0101\u0161anas l\u012bdzek\u013ci<\/p>\n","protected":false},"featured_media":46183,"template":"","meta":[],"product_cat":[503],"product_tag":[],"_links":{"self":[{"href":"https:\/\/ramrolf.lv\/lv\/wp-json\/wp\/v2\/product\/46182"}],"collection":[{"href":"https:\/\/ramrolf.lv\/lv\/wp-json\/wp\/v2\/product"}],"about":[{"href":"https:\/\/ramrolf.lv\/lv\/wp-json\/wp\/v2\/types\/product"}],"wp:featuredmedia":[{"embeddable":true,"href":"https:\/\/ramrolf.lv\/lv\/wp-json\/wp\/v2\/media\/46183"}],"wp:attachment":[{"href":"https:\/\/ramrolf.lv\/lv\/wp-json\/wp\/v2\/media?parent=46182"}],"wp:term":[{"taxonomy":"product_cat","embeddable":true,"href":"https:\/\/ramrolf.lv\/lv\/wp-json\/wp\/v2\/product_cat?post=46182"},{"taxonomy":"product_tag","embeddable":true,"href":"https:\/\/ramrolf.lv\/lv\/wp-json\/wp\/v2\/product_tag?post=46182"}],"curies":[{"name":"wp","href":"https:\/\/api.w.org\/{rel}","templated":true}]}}