{"id":46236,"date":"2018-11-28T14:02:37","date_gmt":"2018-11-28T11:02:37","guid":{"rendered":"http:\/\/www.ramrolf.eu\/product\/lvsano-tualetes-bloks-skalojamajai-kastei-sanoblue\/"},"modified":"2018-11-28T14:02:37","modified_gmt":"2018-11-28T11:02:37","slug":"lvsano-tualetes-bloks-skalojamajai-kastei-sanoblue","status":"publish","type":"product","link":"https:\/\/ramrolf.lv\/lv\/product\/lvsano-tualetes-bloks-skalojamajai-kastei-sanoblue\/","title":{"rendered":"SANO Tualetes bloks skalojamajai kastei-Sanoblue"},"content":{"rendered":"","protected":false},"excerpt":{"rendered":"<p>Sanit\u0101ro telpu t\u012br\u012b\u0161anas l\u012bdzek\u013ci<\/p>\n","protected":false},"featured_media":46237,"template":"","meta":[],"product_cat":[503],"product_tag":[],"_links":{"self":[{"href":"https:\/\/ramrolf.lv\/lv\/wp-json\/wp\/v2\/product\/46236"}],"collection":[{"href":"https:\/\/ramrolf.lv\/lv\/wp-json\/wp\/v2\/product"}],"about":[{"href":"https:\/\/ramrolf.lv\/lv\/wp-json\/wp\/v2\/types\/product"}],"wp:featuredmedia":[{"embeddable":true,"href":"https:\/\/ramrolf.lv\/lv\/wp-json\/wp\/v2\/media\/46237"}],"wp:attachment":[{"href":"https:\/\/ramrolf.lv\/lv\/wp-json\/wp\/v2\/media?parent=46236"}],"wp:term":[{"taxonomy":"product_cat","embeddable":true,"href":"https:\/\/ramrolf.lv\/lv\/wp-json\/wp\/v2\/product_cat?post=46236"},{"taxonomy":"product_tag","embeddable":true,"href":"https:\/\/ramrolf.lv\/lv\/wp-json\/wp\/v2\/product_tag?post=46236"}],"curies":[{"name":"wp","href":"https:\/\/api.w.org\/{rel}","templated":true}]}}