{"id":46250,"date":"2018-11-28T14:02:43","date_gmt":"2018-11-28T11:02:43","guid":{"rendered":"http:\/\/www.ramrolf.eu\/product\/lvwc-bloks-domestos-power-5-ocean-55g\/"},"modified":"2018-11-28T14:02:43","modified_gmt":"2018-11-28T11:02:43","slug":"lvwc-bloks-domestos-power-5-ocean-55g","status":"publish","type":"product","link":"https:\/\/ramrolf.lv\/lv\/product\/lvwc-bloks-domestos-power-5-ocean-55g\/","title":{"rendered":"WC-bloks DOMESTOS Power &#8220;5&#8221; Ocean 55g."},"content":{"rendered":"","protected":false},"excerpt":{"rendered":"<p>Sanit\u0101ro telpu t\u012br\u012b\u0161anas l\u012bdzek\u013ci<\/p>\n","protected":false},"featured_media":46251,"template":"","meta":[],"product_cat":[503],"product_tag":[],"_links":{"self":[{"href":"https:\/\/ramrolf.lv\/lv\/wp-json\/wp\/v2\/product\/46250"}],"collection":[{"href":"https:\/\/ramrolf.lv\/lv\/wp-json\/wp\/v2\/product"}],"about":[{"href":"https:\/\/ramrolf.lv\/lv\/wp-json\/wp\/v2\/types\/product"}],"wp:featuredmedia":[{"embeddable":true,"href":"https:\/\/ramrolf.lv\/lv\/wp-json\/wp\/v2\/media\/46251"}],"wp:attachment":[{"href":"https:\/\/ramrolf.lv\/lv\/wp-json\/wp\/v2\/media?parent=46250"}],"wp:term":[{"taxonomy":"product_cat","embeddable":true,"href":"https:\/\/ramrolf.lv\/lv\/wp-json\/wp\/v2\/product_cat?post=46250"},{"taxonomy":"product_tag","embeddable":true,"href":"https:\/\/ramrolf.lv\/lv\/wp-json\/wp\/v2\/product_tag?post=46250"}],"curies":[{"name":"wp","href":"https:\/\/api.w.org\/{rel}","templated":true}]}}