{"id":46308,"date":"2018-11-28T14:03:07","date_gmt":"2018-11-28T11:03:07","guid":{"rendered":"http:\/\/www.ramrolf.eu\/product\/lvmaisini-sledz-60x80mm-ldpe\/"},"modified":"2018-11-28T14:03:07","modified_gmt":"2018-11-28T11:03:07","slug":"lvmaisini-sledz-60x80mm-ldpe","status":"publish","type":"product","link":"https:\/\/ramrolf.lv\/lv\/product\/lvmaisini-sledz-60x80mm-ldpe\/","title":{"rendered":"Maisi\u0146i sl\u0113dz. 60x80mm,  LDPE"},"content":{"rendered":"","protected":false},"excerpt":{"rendered":"<p>Maisi\u0146i sl\u0113dzamie<\/p>\n","protected":false},"featured_media":46309,"template":"","meta":[],"product_cat":[504],"product_tag":[],"_links":{"self":[{"href":"https:\/\/ramrolf.lv\/lv\/wp-json\/wp\/v2\/product\/46308"}],"collection":[{"href":"https:\/\/ramrolf.lv\/lv\/wp-json\/wp\/v2\/product"}],"about":[{"href":"https:\/\/ramrolf.lv\/lv\/wp-json\/wp\/v2\/types\/product"}],"wp:featuredmedia":[{"embeddable":true,"href":"https:\/\/ramrolf.lv\/lv\/wp-json\/wp\/v2\/media\/46309"}],"wp:attachment":[{"href":"https:\/\/ramrolf.lv\/lv\/wp-json\/wp\/v2\/media?parent=46308"}],"wp:term":[{"taxonomy":"product_cat","embeddable":true,"href":"https:\/\/ramrolf.lv\/lv\/wp-json\/wp\/v2\/product_cat?post=46308"},{"taxonomy":"product_tag","embeddable":true,"href":"https:\/\/ramrolf.lv\/lv\/wp-json\/wp\/v2\/product_tag?post=46308"}],"curies":[{"name":"wp","href":"https:\/\/api.w.org\/{rel}","templated":true}]}}