{"id":46330,"date":"2018-11-28T14:03:15","date_gmt":"2018-11-28T11:03:15","guid":{"rendered":"http:\/\/www.ramrolf.eu\/product\/lvsimply-theraphy-lilly-of-the-valley-gaisa-atsvaidzinatajs-30\/"},"modified":"2018-11-28T14:03:15","modified_gmt":"2018-11-28T11:03:15","slug":"lvsimply-theraphy-lilly-of-the-valley-gaisa-atsvaidzinatajs-30","status":"publish","type":"product","link":"https:\/\/ramrolf.lv\/lv\/product\/lvsimply-theraphy-lilly-of-the-valley-gaisa-atsvaidzinatajs-30\/","title":{"rendered":"Simply Theraphy Lilly Of The Valley gaisa atsvaidzin\u0101t\u0101js 30"},"content":{"rendered":"","protected":false},"excerpt":{"rendered":"<p>Atsvaidzin\u0101t\u0101ji<\/p>\n","protected":false},"featured_media":46331,"template":"","meta":[],"product_cat":[503],"product_tag":[],"_links":{"self":[{"href":"https:\/\/ramrolf.lv\/lv\/wp-json\/wp\/v2\/product\/46330"}],"collection":[{"href":"https:\/\/ramrolf.lv\/lv\/wp-json\/wp\/v2\/product"}],"about":[{"href":"https:\/\/ramrolf.lv\/lv\/wp-json\/wp\/v2\/types\/product"}],"wp:featuredmedia":[{"embeddable":true,"href":"https:\/\/ramrolf.lv\/lv\/wp-json\/wp\/v2\/media\/46331"}],"wp:attachment":[{"href":"https:\/\/ramrolf.lv\/lv\/wp-json\/wp\/v2\/media?parent=46330"}],"wp:term":[{"taxonomy":"product_cat","embeddable":true,"href":"https:\/\/ramrolf.lv\/lv\/wp-json\/wp\/v2\/product_cat?post=46330"},{"taxonomy":"product_tag","embeddable":true,"href":"https:\/\/ramrolf.lv\/lv\/wp-json\/wp\/v2\/product_tag?post=46330"}],"curies":[{"name":"wp","href":"https:\/\/api.w.org\/{rel}","templated":true}]}}