{"id":46561,"date":"2019-01-22T17:49:21","date_gmt":"2019-01-22T14:49:21","guid":{"rendered":"https:\/\/ramrolf.eu\/product\/new-product-2\/"},"modified":"2019-01-28T00:34:52","modified_gmt":"2019-01-27T21:34:52","slug":"pva-kancelejas-lime-120ml","status":"publish","type":"product","link":"https:\/\/ramrolf.lv\/lv\/product\/pva-kancelejas-lime-120ml\/","title":{"rendered":"PVA kancelejas l\u012bme 120ml"},"content":{"rendered":"","protected":false},"excerpt":{"rendered":"<p>Balta l\u012bme bl\u012bvu materi\u0101lu un bieza pap\u012bra l\u012bm\u0113\u0161anai. M\u012bksta plastmasas pudel\u012bte ar v\u0101ci\u0146\u0101 ier\u012bkotu aplikatoru<\/p>\n","protected":false},"featured_media":46735,"template":"","meta":[],"product_cat":[500],"product_tag":[],"_links":{"self":[{"href":"https:\/\/ramrolf.lv\/lv\/wp-json\/wp\/v2\/product\/46561"}],"collection":[{"href":"https:\/\/ramrolf.lv\/lv\/wp-json\/wp\/v2\/product"}],"about":[{"href":"https:\/\/ramrolf.lv\/lv\/wp-json\/wp\/v2\/types\/product"}],"wp:featuredmedia":[{"embeddable":true,"href":"https:\/\/ramrolf.lv\/lv\/wp-json\/wp\/v2\/media\/46735"}],"wp:attachment":[{"href":"https:\/\/ramrolf.lv\/lv\/wp-json\/wp\/v2\/media?parent=46561"}],"wp:term":[{"taxonomy":"product_cat","embeddable":true,"href":"https:\/\/ramrolf.lv\/lv\/wp-json\/wp\/v2\/product_cat?post=46561"},{"taxonomy":"product_tag","embeddable":true,"href":"https:\/\/ramrolf.lv\/lv\/wp-json\/wp\/v2\/product_tag?post=46561"}],"curies":[{"name":"wp","href":"https:\/\/api.w.org\/{rel}","templated":true}]}}