{"id":46564,"date":"2019-01-23T11:41:58","date_gmt":"2019-01-23T08:41:58","guid":{"rendered":"https:\/\/ramrolf.eu\/product\/new-product-2\/"},"modified":"2019-01-28T00:32:28","modified_gmt":"2019-01-27T21:32:28","slug":"limes-zimulis-pvp-22-gr","status":"publish","type":"product","link":"https:\/\/ramrolf.lv\/lv\/product\/limes-zimulis-pvp-22-gr\/","title":{"rendered":"L\u012bmes z\u012bmulis PVP 22 gr."},"content":{"rendered":"","protected":false},"excerpt":{"rendered":"<p>Augstas kvalit\u0101tes l\u012bme. Augsta l\u012bm\u0113jo\u0161o vielu koncentr\u0101cija nodro\u0161ina \u0101tru un dro\u0161u sal\u012bm\u0113\u0161anu. L\u012bme kl\u0101jas pl\u0101n\u0101, l\u012bdzen\u0101 k\u0101rt\u0101, nedeform\u0113 pap\u012bru <\/p>\n","protected":false},"featured_media":46734,"template":"","meta":[],"product_cat":[500],"product_tag":[],"_links":{"self":[{"href":"https:\/\/ramrolf.lv\/lv\/wp-json\/wp\/v2\/product\/46564"}],"collection":[{"href":"https:\/\/ramrolf.lv\/lv\/wp-json\/wp\/v2\/product"}],"about":[{"href":"https:\/\/ramrolf.lv\/lv\/wp-json\/wp\/v2\/types\/product"}],"wp:featuredmedia":[{"embeddable":true,"href":"https:\/\/ramrolf.lv\/lv\/wp-json\/wp\/v2\/media\/46734"}],"wp:attachment":[{"href":"https:\/\/ramrolf.lv\/lv\/wp-json\/wp\/v2\/media?parent=46564"}],"wp:term":[{"taxonomy":"product_cat","embeddable":true,"href":"https:\/\/ramrolf.lv\/lv\/wp-json\/wp\/v2\/product_cat?post=46564"},{"taxonomy":"product_tag","embeddable":true,"href":"https:\/\/ramrolf.lv\/lv\/wp-json\/wp\/v2\/product_tag?post=46564"}],"curies":[{"name":"wp","href":"https:\/\/api.w.org\/{rel}","templated":true}]}}