{"id":46574,"date":"2019-01-23T12:26:41","date_gmt":"2019-01-23T09:26:41","guid":{"rendered":"https:\/\/ramrolf.eu\/product\/new-product-2\/"},"modified":"2019-01-28T00:57:55","modified_gmt":"2019-01-27T21:57:55","slug":"iepakojuma-limlenta-60m-x-50mm-caurspidiga","status":"publish","type":"product","link":"https:\/\/ramrolf.lv\/lv\/product\/iepakojuma-limlenta-60m-x-50mm-caurspidiga\/","title":{"rendered":"Iepakojuma l\u012bmlenta 60m x 50mm caursp\u012bd\u012bga"},"content":{"rendered":"","protected":false},"excerpt":{"rendered":"<p>L\u012bmlenta 50 mm \u0445 60 m. Izgatavota no polipropil\u0113na. <\/p>\n","protected":false},"featured_media":46739,"template":"","meta":[],"product_cat":[341],"product_tag":[],"_links":{"self":[{"href":"https:\/\/ramrolf.lv\/lv\/wp-json\/wp\/v2\/product\/46574"}],"collection":[{"href":"https:\/\/ramrolf.lv\/lv\/wp-json\/wp\/v2\/product"}],"about":[{"href":"https:\/\/ramrolf.lv\/lv\/wp-json\/wp\/v2\/types\/product"}],"wp:featuredmedia":[{"embeddable":true,"href":"https:\/\/ramrolf.lv\/lv\/wp-json\/wp\/v2\/media\/46739"}],"wp:attachment":[{"href":"https:\/\/ramrolf.lv\/lv\/wp-json\/wp\/v2\/media?parent=46574"}],"wp:term":[{"taxonomy":"product_cat","embeddable":true,"href":"https:\/\/ramrolf.lv\/lv\/wp-json\/wp\/v2\/product_cat?post=46574"},{"taxonomy":"product_tag","embeddable":true,"href":"https:\/\/ramrolf.lv\/lv\/wp-json\/wp\/v2\/product_tag?post=46574"}],"curies":[{"name":"wp","href":"https:\/\/api.w.org\/{rel}","templated":true}]}}