{"id":46576,"date":"2019-01-23T12:35:56","date_gmt":"2019-01-23T09:35:56","guid":{"rendered":"https:\/\/ramrolf.eu\/product\/new-product-2\/"},"modified":"2019-01-28T00:56:16","modified_gmt":"2019-01-27T21:56:16","slug":"iepakojuma-limlenta-50-mic-caurspidiga-50-mm-x-50-m","status":"publish","type":"product","link":"https:\/\/ramrolf.lv\/lv\/product\/iepakojuma-limlenta-50-mic-caurspidiga-50-mm-x-50-m\/","title":{"rendered":"Iepakojuma l\u012bmlenta 50 mic caursp\u012bd\u012bga 50mm x 50m"},"content":{"rendered":"","protected":false},"excerpt":{"rendered":"","protected":false},"featured_media":46740,"template":"","meta":[],"product_cat":[341],"product_tag":[],"_links":{"self":[{"href":"https:\/\/ramrolf.lv\/lv\/wp-json\/wp\/v2\/product\/46576"}],"collection":[{"href":"https:\/\/ramrolf.lv\/lv\/wp-json\/wp\/v2\/product"}],"about":[{"href":"https:\/\/ramrolf.lv\/lv\/wp-json\/wp\/v2\/types\/product"}],"wp:featuredmedia":[{"embeddable":true,"href":"https:\/\/ramrolf.lv\/lv\/wp-json\/wp\/v2\/media\/46740"}],"wp:attachment":[{"href":"https:\/\/ramrolf.lv\/lv\/wp-json\/wp\/v2\/media?parent=46576"}],"wp:term":[{"taxonomy":"product_cat","embeddable":true,"href":"https:\/\/ramrolf.lv\/lv\/wp-json\/wp\/v2\/product_cat?post=46576"},{"taxonomy":"product_tag","embeddable":true,"href":"https:\/\/ramrolf.lv\/lv\/wp-json\/wp\/v2\/product_tag?post=46576"}],"curies":[{"name":"wp","href":"https:\/\/api.w.org\/{rel}","templated":true}]}}