{"id":46579,"date":"2019-01-23T12:46:21","date_gmt":"2019-01-23T09:46:21","guid":{"rendered":"https:\/\/ramrolf.eu\/product\/new-product-2\/"},"modified":"2019-01-28T01:06:59","modified_gmt":"2019-01-27T22:06:59","slug":"limlenta-iepakojuma-66m-x-50mm-50-mic-bruna","status":"publish","type":"product","link":"https:\/\/ramrolf.lv\/lv\/product\/limlenta-iepakojuma-66m-x-50mm-50-mic-bruna\/","title":{"rendered":"L\u012bmlenta iepakojuma 66m x 50mm, 50 mic, br\u016bna"},"content":{"rendered":"","protected":false},"excerpt":{"rendered":"<p>uz akrila b\u0101zes. <\/p>\n","protected":false},"featured_media":46740,"template":"","meta":[],"product_cat":[341],"product_tag":[],"_links":{"self":[{"href":"https:\/\/ramrolf.lv\/lv\/wp-json\/wp\/v2\/product\/46579"}],"collection":[{"href":"https:\/\/ramrolf.lv\/lv\/wp-json\/wp\/v2\/product"}],"about":[{"href":"https:\/\/ramrolf.lv\/lv\/wp-json\/wp\/v2\/types\/product"}],"wp:featuredmedia":[{"embeddable":true,"href":"https:\/\/ramrolf.lv\/lv\/wp-json\/wp\/v2\/media\/46740"}],"wp:attachment":[{"href":"https:\/\/ramrolf.lv\/lv\/wp-json\/wp\/v2\/media?parent=46579"}],"wp:term":[{"taxonomy":"product_cat","embeddable":true,"href":"https:\/\/ramrolf.lv\/lv\/wp-json\/wp\/v2\/product_cat?post=46579"},{"taxonomy":"product_tag","embeddable":true,"href":"https:\/\/ramrolf.lv\/lv\/wp-json\/wp\/v2\/product_tag?post=46579"}],"curies":[{"name":"wp","href":"https:\/\/api.w.org\/{rel}","templated":true}]}}