{"id":46581,"date":"2019-01-23T12:49:09","date_gmt":"2019-01-23T09:49:09","guid":{"rendered":"https:\/\/ramrolf.eu\/product\/new-product-2\/"},"modified":"2019-01-28T01:06:32","modified_gmt":"2019-01-27T22:06:32","slug":"limlentas-galda-turetajs-melns","status":"publish","type":"product","link":"https:\/\/ramrolf.lv\/lv\/product\/limlentas-galda-turetajs-melns\/","title":{"rendered":"L\u012bmlentas galda tur\u0113t\u0101js, melns"},"content":{"rendered":"","protected":false},"excerpt":{"rendered":"<p>19 mm l\u012bmlent\u0101m <\/p>\n","protected":false},"featured_media":46744,"template":"","meta":[],"product_cat":[341],"product_tag":[],"_links":{"self":[{"href":"https:\/\/ramrolf.lv\/lv\/wp-json\/wp\/v2\/product\/46581"}],"collection":[{"href":"https:\/\/ramrolf.lv\/lv\/wp-json\/wp\/v2\/product"}],"about":[{"href":"https:\/\/ramrolf.lv\/lv\/wp-json\/wp\/v2\/types\/product"}],"wp:featuredmedia":[{"embeddable":true,"href":"https:\/\/ramrolf.lv\/lv\/wp-json\/wp\/v2\/media\/46744"}],"wp:attachment":[{"href":"https:\/\/ramrolf.lv\/lv\/wp-json\/wp\/v2\/media?parent=46581"}],"wp:term":[{"taxonomy":"product_cat","embeddable":true,"href":"https:\/\/ramrolf.lv\/lv\/wp-json\/wp\/v2\/product_cat?post=46581"},{"taxonomy":"product_tag","embeddable":true,"href":"https:\/\/ramrolf.lv\/lv\/wp-json\/wp\/v2\/product_tag?post=46581"}],"curies":[{"name":"wp","href":"https:\/\/api.w.org\/{rel}","templated":true}]}}