{"id":46599,"date":"2019-01-23T18:45:10","date_gmt":"2019-01-23T15:45:10","guid":{"rendered":"https:\/\/ramrolf.eu\/product\/new-product-3\/"},"modified":"2019-01-28T00:39:34","modified_gmt":"2019-01-27T21:39:34","slug":"lodisu-pildspalva-top-zila-0-7mm","status":"publish","type":"product","link":"https:\/\/ramrolf.lv\/lv\/product\/lodisu-pildspalva-top-zila-0-7mm\/","title":{"rendered":"Lod\u012b\u0161u pildspalva TOP, zila, 0.7mm"},"content":{"rendered":"","protected":false},"excerpt":{"rendered":"<p>Autom\u0101tisk\u0101 lod\u012b\u0161u pildspalva. Viegls, \u0113rts korpuss. Veido maigu, smalku l\u012bniju. L\u012bnijas biezums \u2013 0,7 mm. Main\u0101ms serdenis.<\/p>\n","protected":false},"featured_media":46705,"template":"","meta":[],"product_cat":[345],"product_tag":[],"_links":{"self":[{"href":"https:\/\/ramrolf.lv\/lv\/wp-json\/wp\/v2\/product\/46599"}],"collection":[{"href":"https:\/\/ramrolf.lv\/lv\/wp-json\/wp\/v2\/product"}],"about":[{"href":"https:\/\/ramrolf.lv\/lv\/wp-json\/wp\/v2\/types\/product"}],"wp:featuredmedia":[{"embeddable":true,"href":"https:\/\/ramrolf.lv\/lv\/wp-json\/wp\/v2\/media\/46705"}],"wp:attachment":[{"href":"https:\/\/ramrolf.lv\/lv\/wp-json\/wp\/v2\/media?parent=46599"}],"wp:term":[{"taxonomy":"product_cat","embeddable":true,"href":"https:\/\/ramrolf.lv\/lv\/wp-json\/wp\/v2\/product_cat?post=46599"},{"taxonomy":"product_tag","embeddable":true,"href":"https:\/\/ramrolf.lv\/lv\/wp-json\/wp\/v2\/product_tag?post=46599"}],"curies":[{"name":"wp","href":"https:\/\/api.w.org\/{rel}","templated":true}]}}