{"id":46601,"date":"2019-01-23T18:51:37","date_gmt":"2019-01-23T15:51:37","guid":{"rendered":"https:\/\/ramrolf.eu\/product\/new-product-3\/"},"modified":"2019-01-23T23:04:09","modified_gmt":"2019-01-23T20:04:09","slug":"gela-pildspalva-forpus-perfect-melna-0-5mm","status":"publish","type":"product","link":"https:\/\/ramrolf.lv\/lv\/product\/gela-pildspalva-forpus-perfect-melna-0-5mm\/","title":{"rendered":"G\u0113la pildspalva FORPUS PERFECT, melna, 0.5mm"},"content":{"rendered":"","protected":false},"excerpt":{"rendered":"<p>Popul\u0101ra g\u0113la pildspalva. Ergonomisks atbalsts pirkstiem no m\u012bkstas gumijas. Lod\u012bte \u2013 0,5 mm. Main\u0101ms serdenis.<\/p>\n","protected":false},"featured_media":46623,"template":"","meta":[],"product_cat":[345],"product_tag":[],"_links":{"self":[{"href":"https:\/\/ramrolf.lv\/lv\/wp-json\/wp\/v2\/product\/46601"}],"collection":[{"href":"https:\/\/ramrolf.lv\/lv\/wp-json\/wp\/v2\/product"}],"about":[{"href":"https:\/\/ramrolf.lv\/lv\/wp-json\/wp\/v2\/types\/product"}],"wp:featuredmedia":[{"embeddable":true,"href":"https:\/\/ramrolf.lv\/lv\/wp-json\/wp\/v2\/media\/46623"}],"wp:attachment":[{"href":"https:\/\/ramrolf.lv\/lv\/wp-json\/wp\/v2\/media?parent=46601"}],"wp:term":[{"taxonomy":"product_cat","embeddable":true,"href":"https:\/\/ramrolf.lv\/lv\/wp-json\/wp\/v2\/product_cat?post=46601"},{"taxonomy":"product_tag","embeddable":true,"href":"https:\/\/ramrolf.lv\/lv\/wp-json\/wp\/v2\/product_tag?post=46601"}],"curies":[{"name":"wp","href":"https:\/\/api.w.org\/{rel}","templated":true}]}}