{"id":46602,"date":"2019-01-23T18:54:44","date_gmt":"2019-01-23T15:54:44","guid":{"rendered":"https:\/\/ramrolf.eu\/product\/new-product-3\/"},"modified":"2019-01-23T23:32:01","modified_gmt":"2019-01-23T20:32:01","slug":"gela-pildspalva-forpus-perfect-zila-0-5mm","status":"publish","type":"product","link":"https:\/\/ramrolf.lv\/lv\/product\/gela-pildspalva-forpus-perfect-zila-0-5mm\/","title":{"rendered":"G\u0113la pildspalva FORPUS PERFECT, zila, 0.5mm"},"content":{"rendered":"","protected":false},"excerpt":{"rendered":"<p>Popul\u0101ra g\u0113la pildspalva. Ergonomisks atbalsts pirkstiem no m\u012bkstas gumijas. Lod\u012bte \u2013 0,5 mm. Main\u0101ms serdenis.<\/p>\n","protected":false},"featured_media":46626,"template":"","meta":[],"product_cat":[345],"product_tag":[],"_links":{"self":[{"href":"https:\/\/ramrolf.lv\/lv\/wp-json\/wp\/v2\/product\/46602"}],"collection":[{"href":"https:\/\/ramrolf.lv\/lv\/wp-json\/wp\/v2\/product"}],"about":[{"href":"https:\/\/ramrolf.lv\/lv\/wp-json\/wp\/v2\/types\/product"}],"wp:featuredmedia":[{"embeddable":true,"href":"https:\/\/ramrolf.lv\/lv\/wp-json\/wp\/v2\/media\/46626"}],"wp:attachment":[{"href":"https:\/\/ramrolf.lv\/lv\/wp-json\/wp\/v2\/media?parent=46602"}],"wp:term":[{"taxonomy":"product_cat","embeddable":true,"href":"https:\/\/ramrolf.lv\/lv\/wp-json\/wp\/v2\/product_cat?post=46602"},{"taxonomy":"product_tag","embeddable":true,"href":"https:\/\/ramrolf.lv\/lv\/wp-json\/wp\/v2\/product_tag?post=46602"}],"curies":[{"name":"wp","href":"https:\/\/api.w.org\/{rel}","templated":true}]}}