{"id":46633,"date":"2019-01-24T18:12:37","date_gmt":"2019-01-24T15:12:37","guid":{"rendered":"https:\/\/ramrolf.eu\/product\/new-product-3\/"},"modified":"2019-01-26T00:32:48","modified_gmt":"2019-01-25T21:32:48","slug":"pildspalva-skarienjutigiem-ekraniem-balts-korpuss-zila-tinte-1-0mm","status":"publish","type":"product","link":"https:\/\/ramrolf.lv\/lv\/product\/pildspalva-skarienjutigiem-ekraniem-balts-korpuss-zila-tinte-1-0mm\/","title":{"rendered":"Pildspalva sk\u0101rienj\u016bt\u012bgiem ekr\u0101niem, balts korpuss, zila tinte, 1.0mm"},"content":{"rendered":"","protected":false},"excerpt":{"rendered":"<p>Katra pildspalva iepakota atsevi\u0161\u0137\u0101 kast\u012bt\u0113!<\/p>\n","protected":false},"featured_media":46721,"template":"","meta":[],"product_cat":[345],"product_tag":[],"_links":{"self":[{"href":"https:\/\/ramrolf.lv\/lv\/wp-json\/wp\/v2\/product\/46633"}],"collection":[{"href":"https:\/\/ramrolf.lv\/lv\/wp-json\/wp\/v2\/product"}],"about":[{"href":"https:\/\/ramrolf.lv\/lv\/wp-json\/wp\/v2\/types\/product"}],"wp:featuredmedia":[{"embeddable":true,"href":"https:\/\/ramrolf.lv\/lv\/wp-json\/wp\/v2\/media\/46721"}],"wp:attachment":[{"href":"https:\/\/ramrolf.lv\/lv\/wp-json\/wp\/v2\/media?parent=46633"}],"wp:term":[{"taxonomy":"product_cat","embeddable":true,"href":"https:\/\/ramrolf.lv\/lv\/wp-json\/wp\/v2\/product_cat?post=46633"},{"taxonomy":"product_tag","embeddable":true,"href":"https:\/\/ramrolf.lv\/lv\/wp-json\/wp\/v2\/product_tag?post=46633"}],"curies":[{"name":"wp","href":"https:\/\/api.w.org\/{rel}","templated":true}]}}