{"id":46639,"date":"2019-01-24T18:55:42","date_gmt":"2019-01-24T15:55:42","guid":{"rendered":"https:\/\/ramrolf.eu\/product\/new-product-3\/"},"modified":"2019-01-26T00:26:33","modified_gmt":"2019-01-25T21:26:33","slug":"lodisu-pildspalva-sure-sarkana-tinte-0-7mm","status":"publish","type":"product","link":"https:\/\/ramrolf.lv\/lv\/product\/lodisu-pildspalva-sure-sarkana-tinte-0-7mm\/","title":{"rendered":"Lod\u012b\u0161u pildspalva SURE, sarkana tinte, 0.7mm"},"content":{"rendered":"","protected":false},"excerpt":{"rendered":"<p>korpuss sarkan\u0101 kr\u0101s\u0101, lod\u012bte 0.7 mm<\/p>\n","protected":false},"featured_media":46717,"template":"","meta":[],"product_cat":[345],"product_tag":[],"_links":{"self":[{"href":"https:\/\/ramrolf.lv\/lv\/wp-json\/wp\/v2\/product\/46639"}],"collection":[{"href":"https:\/\/ramrolf.lv\/lv\/wp-json\/wp\/v2\/product"}],"about":[{"href":"https:\/\/ramrolf.lv\/lv\/wp-json\/wp\/v2\/types\/product"}],"wp:featuredmedia":[{"embeddable":true,"href":"https:\/\/ramrolf.lv\/lv\/wp-json\/wp\/v2\/media\/46717"}],"wp:attachment":[{"href":"https:\/\/ramrolf.lv\/lv\/wp-json\/wp\/v2\/media?parent=46639"}],"wp:term":[{"taxonomy":"product_cat","embeddable":true,"href":"https:\/\/ramrolf.lv\/lv\/wp-json\/wp\/v2\/product_cat?post=46639"},{"taxonomy":"product_tag","embeddable":true,"href":"https:\/\/ramrolf.lv\/lv\/wp-json\/wp\/v2\/product_tag?post=46639"}],"curies":[{"name":"wp","href":"https:\/\/api.w.org\/{rel}","templated":true}]}}