{"id":46646,"date":"2019-01-25T11:11:26","date_gmt":"2019-01-25T08:11:26","guid":{"rendered":"https:\/\/ramrolf.eu\/product\/new-product-4\/"},"modified":"2019-02-10T18:53:39","modified_gmt":"2019-02-10T15:53:39","slug":"apmekletaju-pildspalva-chain-pen-2-zila-tinte-0-7mm","status":"publish","type":"product","link":"https:\/\/ramrolf.lv\/lv\/product\/apmekletaju-pildspalva-chain-pen-2-zila-tinte-0-7mm\/","title":{"rendered":"Apmekl\u0113t\u0101ju pildspalva CHAIN PEN 2, zila tinte, 0.7mm"},"content":{"rendered":"","protected":false},"excerpt":{"rendered":"<p>2 rezerves kodoli\u0146i iek\u013cauti komplekt\u0101, met\u0101la \u0137\u0113d\u012bte<\/p>\n","protected":false},"featured_media":46713,"template":"","meta":[],"product_cat":[345],"product_tag":[],"_links":{"self":[{"href":"https:\/\/ramrolf.lv\/lv\/wp-json\/wp\/v2\/product\/46646"}],"collection":[{"href":"https:\/\/ramrolf.lv\/lv\/wp-json\/wp\/v2\/product"}],"about":[{"href":"https:\/\/ramrolf.lv\/lv\/wp-json\/wp\/v2\/types\/product"}],"wp:featuredmedia":[{"embeddable":true,"href":"https:\/\/ramrolf.lv\/lv\/wp-json\/wp\/v2\/media\/46713"}],"wp:attachment":[{"href":"https:\/\/ramrolf.lv\/lv\/wp-json\/wp\/v2\/media?parent=46646"}],"wp:term":[{"taxonomy":"product_cat","embeddable":true,"href":"https:\/\/ramrolf.lv\/lv\/wp-json\/wp\/v2\/product_cat?post=46646"},{"taxonomy":"product_tag","embeddable":true,"href":"https:\/\/ramrolf.lv\/lv\/wp-json\/wp\/v2\/product_tag?post=46646"}],"curies":[{"name":"wp","href":"https:\/\/api.w.org\/{rel}","templated":true}]}}