{"id":46649,"date":"2019-01-25T11:21:59","date_gmt":"2019-01-25T08:21:59","guid":{"rendered":"https:\/\/ramrolf.eu\/product\/new-product-4\/"},"modified":"2019-01-25T23:51:19","modified_gmt":"2019-01-25T20:51:19","slug":"pildspalva-skarienjutigiem-ekraniem-smart-2-0-peleks-korpuss-zila-tinte-0-7mm","status":"publish","type":"product","link":"https:\/\/ramrolf.lv\/lv\/product\/pildspalva-skarienjutigiem-ekraniem-smart-2-0-peleks-korpuss-zila-tinte-0-7mm\/","title":{"rendered":"Pildspalva sk\u0101rienj\u016bt\u012bgiem ekr\u0101niem SMART 2.0, pel\u0113ks korpuss, zila tinte, 0.7mm"},"content":{"rendered":"","protected":false},"excerpt":{"rendered":"<p>Pildspalva iepakota kartona kast\u012bt\u0113, lieliska d\u0101vana, rot\u0113jo\u0161s meh\u0101nisms.<\/p>\n","protected":false},"featured_media":46710,"template":"","meta":[],"product_cat":[345],"product_tag":[],"_links":{"self":[{"href":"https:\/\/ramrolf.lv\/lv\/wp-json\/wp\/v2\/product\/46649"}],"collection":[{"href":"https:\/\/ramrolf.lv\/lv\/wp-json\/wp\/v2\/product"}],"about":[{"href":"https:\/\/ramrolf.lv\/lv\/wp-json\/wp\/v2\/types\/product"}],"wp:featuredmedia":[{"embeddable":true,"href":"https:\/\/ramrolf.lv\/lv\/wp-json\/wp\/v2\/media\/46710"}],"wp:attachment":[{"href":"https:\/\/ramrolf.lv\/lv\/wp-json\/wp\/v2\/media?parent=46649"}],"wp:term":[{"taxonomy":"product_cat","embeddable":true,"href":"https:\/\/ramrolf.lv\/lv\/wp-json\/wp\/v2\/product_cat?post=46649"},{"taxonomy":"product_tag","embeddable":true,"href":"https:\/\/ramrolf.lv\/lv\/wp-json\/wp\/v2\/product_tag?post=46649"}],"curies":[{"name":"wp","href":"https:\/\/api.w.org\/{rel}","templated":true}]}}