{"id":46651,"date":"2019-01-25T11:26:16","date_gmt":"2019-01-25T08:26:16","guid":{"rendered":"https:\/\/ramrolf.eu\/product\/new-product-4\/"},"modified":"2019-01-25T23:38:35","modified_gmt":"2019-01-25T20:38:35","slug":"lodisu-pildspalva-praha-metala-korpuss-0-7mm","status":"publish","type":"product","link":"https:\/\/ramrolf.lv\/lv\/product\/lodisu-pildspalva-praha-metala-korpuss-0-7mm\/","title":{"rendered":"Lod\u012b\u0161u pildspalva Praha, met\u0101la korpuss, 0.7mm"},"content":{"rendered":"","protected":false},"excerpt":{"rendered":"<p>Pildspalva iepakota kartona kast\u012bt\u0113, zila tinte<\/p>\n","protected":false},"featured_media":46707,"template":"","meta":[],"product_cat":[345],"product_tag":[],"_links":{"self":[{"href":"https:\/\/ramrolf.lv\/lv\/wp-json\/wp\/v2\/product\/46651"}],"collection":[{"href":"https:\/\/ramrolf.lv\/lv\/wp-json\/wp\/v2\/product"}],"about":[{"href":"https:\/\/ramrolf.lv\/lv\/wp-json\/wp\/v2\/types\/product"}],"wp:featuredmedia":[{"embeddable":true,"href":"https:\/\/ramrolf.lv\/lv\/wp-json\/wp\/v2\/media\/46707"}],"wp:attachment":[{"href":"https:\/\/ramrolf.lv\/lv\/wp-json\/wp\/v2\/media?parent=46651"}],"wp:term":[{"taxonomy":"product_cat","embeddable":true,"href":"https:\/\/ramrolf.lv\/lv\/wp-json\/wp\/v2\/product_cat?post=46651"},{"taxonomy":"product_tag","embeddable":true,"href":"https:\/\/ramrolf.lv\/lv\/wp-json\/wp\/v2\/product_tag?post=46651"}],"curies":[{"name":"wp","href":"https:\/\/api.w.org\/{rel}","templated":true}]}}