{"id":46656,"date":"2019-01-25T11:59:25","date_gmt":"2019-01-25T08:59:25","guid":{"rendered":"https:\/\/ramrolf.eu\/product\/new-product-4\/"},"modified":"2021-08-25T16:30:17","modified_gmt":"2021-08-25T13:30:17","slug":"papirs-office-copy-a4-80-gr-500lpp","status":"publish","type":"product","link":"https:\/\/ramrolf.lv\/lv\/product\/papirs-office-copy-a4-80-gr-500lpp\/","title":{"rendered":"Pap\u012brs Office Copy A4 80 gr., 500lpp"},"content":{"rendered":"","protected":false},"excerpt":{"rendered":"<p>Biroja pap\u012brs visa veida printeriem, kop\u0113t\u0101jiem un faksa apar\u0101tiem. Baltums 149. Ra\u017eots Eiropas Savien\u012bb\u0101<\/p>\n","protected":false},"featured_media":46702,"template":"","meta":[],"product_cat":[327],"product_tag":[],"_links":{"self":[{"href":"https:\/\/ramrolf.lv\/lv\/wp-json\/wp\/v2\/product\/46656"}],"collection":[{"href":"https:\/\/ramrolf.lv\/lv\/wp-json\/wp\/v2\/product"}],"about":[{"href":"https:\/\/ramrolf.lv\/lv\/wp-json\/wp\/v2\/types\/product"}],"wp:featuredmedia":[{"embeddable":true,"href":"https:\/\/ramrolf.lv\/lv\/wp-json\/wp\/v2\/media\/46702"}],"wp:attachment":[{"href":"https:\/\/ramrolf.lv\/lv\/wp-json\/wp\/v2\/media?parent=46656"}],"wp:term":[{"taxonomy":"product_cat","embeddable":true,"href":"https:\/\/ramrolf.lv\/lv\/wp-json\/wp\/v2\/product_cat?post=46656"},{"taxonomy":"product_tag","embeddable":true,"href":"https:\/\/ramrolf.lv\/lv\/wp-json\/wp\/v2\/product_tag?post=46656"}],"curies":[{"name":"wp","href":"https:\/\/api.w.org\/{rel}","templated":true}]}}