{"id":46657,"date":"2019-01-25T12:02:22","date_gmt":"2019-01-25T09:02:22","guid":{"rendered":"https:\/\/ramrolf.eu\/product\/new-product-4\/"},"modified":"2021-08-25T16:30:17","modified_gmt":"2021-08-25T13:30:17","slug":"papirs-business-copy-a4-80g-m2-500lpp","status":"publish","type":"product","link":"https:\/\/ramrolf.lv\/lv\/product\/papirs-business-copy-a4-80g-m2-500lpp\/","title":{"rendered":"Pap\u012brs BUSINESS COPY A4, 80g.\/m2 500lpp"},"content":{"rendered":"","protected":false},"excerpt":{"rendered":"<p>Pap\u012brs BUSINESS COPY A4, 80 gr., ra\u017eots no eucalypta, piem\u0113rots lieto\u0161anai melnbaltajos printeros, kop\u0113t\u0101jos, faksa apar\u0101tos. Ra\u017eots Eirop\u0101.<\/p>\n","protected":false},"featured_media":46701,"template":"","meta":[],"product_cat":[327],"product_tag":[],"_links":{"self":[{"href":"https:\/\/ramrolf.lv\/lv\/wp-json\/wp\/v2\/product\/46657"}],"collection":[{"href":"https:\/\/ramrolf.lv\/lv\/wp-json\/wp\/v2\/product"}],"about":[{"href":"https:\/\/ramrolf.lv\/lv\/wp-json\/wp\/v2\/types\/product"}],"wp:featuredmedia":[{"embeddable":true,"href":"https:\/\/ramrolf.lv\/lv\/wp-json\/wp\/v2\/media\/46701"}],"wp:attachment":[{"href":"https:\/\/ramrolf.lv\/lv\/wp-json\/wp\/v2\/media?parent=46657"}],"wp:term":[{"taxonomy":"product_cat","embeddable":true,"href":"https:\/\/ramrolf.lv\/lv\/wp-json\/wp\/v2\/product_cat?post=46657"},{"taxonomy":"product_tag","embeddable":true,"href":"https:\/\/ramrolf.lv\/lv\/wp-json\/wp\/v2\/product_tag?post=46657"}],"curies":[{"name":"wp","href":"https:\/\/api.w.org\/{rel}","templated":true}]}}