{"id":46659,"date":"2019-01-25T12:08:05","date_gmt":"2019-01-25T09:08:05","guid":{"rendered":"https:\/\/ramrolf.eu\/product\/new-product-4\/"},"modified":"2021-08-25T16:30:17","modified_gmt":"2021-08-25T13:30:17","slug":"papirs-forpus-platinum-a4-80-gr-m2-500-lp","status":"publish","type":"product","link":"https:\/\/ramrolf.lv\/lv\/product\/papirs-forpus-platinum-a4-80-gr-m2-500-lp\/","title":{"rendered":"Pap\u012brs Forpus PLATINUM A4 80 gr.\/m2 500 lp."},"content":{"rendered":"","protected":false},"excerpt":{"rendered":"<p>Augstas kvalit\u0101tes biroja pap\u012brs Forpus PLATINUM 80 gr\/500 lpp. Visa veida kop\u0113t\u0101jiem, biroja tehnikai, tintes un l\u0101zera printeriem-abpus\u0113jai druk\u0101\u0161anai, iztur\u012bgs pret noveco\u0161anu. Ra\u017eots no Eucalypta. Baltums: CIE 171. Sertifik\u0101ti: ISO 9001, ISO 14001, OHSAS 18001, ISO 9706. Ra\u017eots Eirop\u0101.<\/p>\n","protected":false},"featured_media":46699,"template":"","meta":[],"product_cat":[327],"product_tag":[],"_links":{"self":[{"href":"https:\/\/ramrolf.lv\/lv\/wp-json\/wp\/v2\/product\/46659"}],"collection":[{"href":"https:\/\/ramrolf.lv\/lv\/wp-json\/wp\/v2\/product"}],"about":[{"href":"https:\/\/ramrolf.lv\/lv\/wp-json\/wp\/v2\/types\/product"}],"wp:featuredmedia":[{"embeddable":true,"href":"https:\/\/ramrolf.lv\/lv\/wp-json\/wp\/v2\/media\/46699"}],"wp:attachment":[{"href":"https:\/\/ramrolf.lv\/lv\/wp-json\/wp\/v2\/media?parent=46659"}],"wp:term":[{"taxonomy":"product_cat","embeddable":true,"href":"https:\/\/ramrolf.lv\/lv\/wp-json\/wp\/v2\/product_cat?post=46659"},{"taxonomy":"product_tag","embeddable":true,"href":"https:\/\/ramrolf.lv\/lv\/wp-json\/wp\/v2\/product_tag?post=46659"}],"curies":[{"name":"wp","href":"https:\/\/api.w.org\/{rel}","templated":true}]}}