{"id":46664,"date":"2019-01-25T14:46:27","date_gmt":"2019-01-25T11:46:27","guid":{"rendered":"https:\/\/ramrolf.eu\/product\/new-product-4\/"},"modified":"2019-01-25T23:04:35","modified_gmt":"2019-01-25T20:04:35","slug":"dzesgumija-36x14x10mm-zimulim-un-pildspalvai-centrum","status":"publish","type":"product","link":"https:\/\/ramrolf.lv\/lv\/product\/dzesgumija-36x14x10mm-zimulim-un-pildspalvai-centrum\/","title":{"rendered":"Dz\u0113\u0161gumija 36x14x10mm z\u012bmulim un pildspalvai &#8220;Centrum&#8221;"},"content":{"rendered":"","protected":false},"excerpt":{"rendered":"","protected":false},"featured_media":46695,"template":"","meta":[],"product_cat":[471],"product_tag":[],"_links":{"self":[{"href":"https:\/\/ramrolf.lv\/lv\/wp-json\/wp\/v2\/product\/46664"}],"collection":[{"href":"https:\/\/ramrolf.lv\/lv\/wp-json\/wp\/v2\/product"}],"about":[{"href":"https:\/\/ramrolf.lv\/lv\/wp-json\/wp\/v2\/types\/product"}],"wp:featuredmedia":[{"embeddable":true,"href":"https:\/\/ramrolf.lv\/lv\/wp-json\/wp\/v2\/media\/46695"}],"wp:attachment":[{"href":"https:\/\/ramrolf.lv\/lv\/wp-json\/wp\/v2\/media?parent=46664"}],"wp:term":[{"taxonomy":"product_cat","embeddable":true,"href":"https:\/\/ramrolf.lv\/lv\/wp-json\/wp\/v2\/product_cat?post=46664"},{"taxonomy":"product_tag","embeddable":true,"href":"https:\/\/ramrolf.lv\/lv\/wp-json\/wp\/v2\/product_tag?post=46664"}],"curies":[{"name":"wp","href":"https:\/\/api.w.org\/{rel}","templated":true}]}}