{"id":46670,"date":"2019-01-25T15:16:04","date_gmt":"2019-01-25T12:16:04","guid":{"rendered":"https:\/\/ramrolf.eu\/product\/new-product-4\/"},"modified":"2019-01-25T22:51:23","modified_gmt":"2019-01-25T19:51:23","slug":"kalkulators-forpus-11007","status":"publish","type":"product","link":"https:\/\/ramrolf.lv\/lv\/product\/kalkulators-forpus-11007\/","title":{"rendered":"Kalkulators FORPUS 11007"},"content":{"rendered":"","protected":false},"excerpt":{"rendered":"<p>\u0160\u0137idro krist\u0101lu displejs, 8 simboli. Divk\u0101r\u0161a baro\u0161ana: baterija + saules elementi. Korpuss ar met\u0101la p\u0101rkl\u0101jumu.<\/p>\n","protected":false},"featured_media":46686,"template":"","meta":[],"product_cat":[367],"product_tag":[],"_links":{"self":[{"href":"https:\/\/ramrolf.lv\/lv\/wp-json\/wp\/v2\/product\/46670"}],"collection":[{"href":"https:\/\/ramrolf.lv\/lv\/wp-json\/wp\/v2\/product"}],"about":[{"href":"https:\/\/ramrolf.lv\/lv\/wp-json\/wp\/v2\/types\/product"}],"wp:featuredmedia":[{"embeddable":true,"href":"https:\/\/ramrolf.lv\/lv\/wp-json\/wp\/v2\/media\/46686"}],"wp:attachment":[{"href":"https:\/\/ramrolf.lv\/lv\/wp-json\/wp\/v2\/media?parent=46670"}],"wp:term":[{"taxonomy":"product_cat","embeddable":true,"href":"https:\/\/ramrolf.lv\/lv\/wp-json\/wp\/v2\/product_cat?post=46670"},{"taxonomy":"product_tag","embeddable":true,"href":"https:\/\/ramrolf.lv\/lv\/wp-json\/wp\/v2\/product_tag?post=46670"}],"curies":[{"name":"wp","href":"https:\/\/api.w.org\/{rel}","templated":true}]}}