{"id":46675,"date":"2019-01-25T15:38:19","date_gmt":"2019-01-25T12:38:19","guid":{"rendered":"https:\/\/ramrolf.eu\/product\/new-product-4\/"},"modified":"2019-01-25T22:29:06","modified_gmt":"2019-01-25T19:29:06","slug":"kalkulators-11018","status":"publish","type":"product","link":"https:\/\/ramrolf.lv\/lv\/product\/kalkulators-11018\/","title":{"rendered":"Kalkulators 11018"},"content":{"rendered":"","protected":false},"excerpt":{"rendered":"<p>Izm\u0113ri : 152 x 194 x 39 mm, LCD 14 ekr\u0101nu cipari, balt\u0101 kr\u0101s\u0101, 2 veidu baterejas: AAA un saules<\/p>\n","protected":false},"featured_media":46676,"template":"","meta":[],"product_cat":[367],"product_tag":[],"_links":{"self":[{"href":"https:\/\/ramrolf.lv\/lv\/wp-json\/wp\/v2\/product\/46675"}],"collection":[{"href":"https:\/\/ramrolf.lv\/lv\/wp-json\/wp\/v2\/product"}],"about":[{"href":"https:\/\/ramrolf.lv\/lv\/wp-json\/wp\/v2\/types\/product"}],"wp:featuredmedia":[{"embeddable":true,"href":"https:\/\/ramrolf.lv\/lv\/wp-json\/wp\/v2\/media\/46676"}],"wp:attachment":[{"href":"https:\/\/ramrolf.lv\/lv\/wp-json\/wp\/v2\/media?parent=46675"}],"wp:term":[{"taxonomy":"product_cat","embeddable":true,"href":"https:\/\/ramrolf.lv\/lv\/wp-json\/wp\/v2\/product_cat?post=46675"},{"taxonomy":"product_tag","embeddable":true,"href":"https:\/\/ramrolf.lv\/lv\/wp-json\/wp\/v2\/product_tag?post=46675"}],"curies":[{"name":"wp","href":"https:\/\/api.w.org\/{rel}","templated":true}]}}