{"id":46750,"date":"2019-01-28T11:42:50","date_gmt":"2019-01-28T08:42:50","guid":{"rendered":"https:\/\/ramrolf.eu\/product\/new-product-2\/"},"modified":"2019-02-14T17:36:40","modified_gmt":"2019-02-14T14:36:40","slug":"kantorgramata-a4-96lpp-rutinu-mateta","status":"publish","type":"product","link":"https:\/\/ramrolf.lv\/lv\/product\/kantorgramata-a4-96lpp-rutinu-mateta\/","title":{"rendered":"Kantorgr\u0101mata A4 96lpp r\u016bti\u0146u (mat\u0113ta)"},"content":{"rendered":"","protected":false},"excerpt":{"rendered":"","protected":false},"featured_media":46899,"template":"","meta":[],"product_cat":[460],"product_tag":[],"_links":{"self":[{"href":"https:\/\/ramrolf.lv\/lv\/wp-json\/wp\/v2\/product\/46750"}],"collection":[{"href":"https:\/\/ramrolf.lv\/lv\/wp-json\/wp\/v2\/product"}],"about":[{"href":"https:\/\/ramrolf.lv\/lv\/wp-json\/wp\/v2\/types\/product"}],"wp:featuredmedia":[{"embeddable":true,"href":"https:\/\/ramrolf.lv\/lv\/wp-json\/wp\/v2\/media\/46899"}],"wp:attachment":[{"href":"https:\/\/ramrolf.lv\/lv\/wp-json\/wp\/v2\/media?parent=46750"}],"wp:term":[{"taxonomy":"product_cat","embeddable":true,"href":"https:\/\/ramrolf.lv\/lv\/wp-json\/wp\/v2\/product_cat?post=46750"},{"taxonomy":"product_tag","embeddable":true,"href":"https:\/\/ramrolf.lv\/lv\/wp-json\/wp\/v2\/product_tag?post=46750"}],"curies":[{"name":"wp","href":"https:\/\/api.w.org\/{rel}","templated":true}]}}