{"id":46755,"date":"2019-01-28T12:44:43","date_gmt":"2019-01-28T09:44:43","guid":{"rendered":"https:\/\/ramrolf.eu\/product\/new-product-2\/"},"modified":"2019-02-14T17:42:42","modified_gmt":"2019-02-14T14:42:42","slug":"kantorgramata-ar-spirali-platinum-a4-120lpp-rutinu","status":"publish","type":"product","link":"https:\/\/ramrolf.lv\/lv\/product\/kantorgramata-ar-spirali-platinum-a4-120lpp-rutinu\/","title":{"rendered":"Kantorgr\u0101mata ar spir\u0101li PLATINUM A4 120lpp r\u016bti\u0146u"},"content":{"rendered":"","protected":false},"excerpt":{"rendered":"","protected":false},"featured_media":46903,"template":"","meta":[],"product_cat":[460],"product_tag":[],"_links":{"self":[{"href":"https:\/\/ramrolf.lv\/lv\/wp-json\/wp\/v2\/product\/46755"}],"collection":[{"href":"https:\/\/ramrolf.lv\/lv\/wp-json\/wp\/v2\/product"}],"about":[{"href":"https:\/\/ramrolf.lv\/lv\/wp-json\/wp\/v2\/types\/product"}],"wp:featuredmedia":[{"embeddable":true,"href":"https:\/\/ramrolf.lv\/lv\/wp-json\/wp\/v2\/media\/46903"}],"wp:attachment":[{"href":"https:\/\/ramrolf.lv\/lv\/wp-json\/wp\/v2\/media?parent=46755"}],"wp:term":[{"taxonomy":"product_cat","embeddable":true,"href":"https:\/\/ramrolf.lv\/lv\/wp-json\/wp\/v2\/product_cat?post=46755"},{"taxonomy":"product_tag","embeddable":true,"href":"https:\/\/ramrolf.lv\/lv\/wp-json\/wp\/v2\/product_tag?post=46755"}],"curies":[{"name":"wp","href":"https:\/\/api.w.org\/{rel}","templated":true}]}}