{"id":46767,"date":"2019-01-28T14:43:32","date_gmt":"2019-01-28T11:43:32","guid":{"rendered":"https:\/\/ramrolf.eu\/product\/new-product-2\/"},"modified":"2019-02-14T17:33:47","modified_gmt":"2019-02-14T14:33:47","slug":"bloknots-a4-70-lpp-rutinu-ar-caurumiem-zilos-vakos","status":"publish","type":"product","link":"https:\/\/ramrolf.lv\/lv\/product\/bloknots-a4-70-lpp-rutinu-ar-caurumiem-zilos-vakos\/","title":{"rendered":"Bloknots A4 70 lpp r\u016bti\u0146u ar caurumiem, zilos v\u0101kos"},"content":{"rendered":"","protected":false},"excerpt":{"rendered":"","protected":false},"featured_media":46897,"template":"","meta":[],"product_cat":[460],"product_tag":[],"_links":{"self":[{"href":"https:\/\/ramrolf.lv\/lv\/wp-json\/wp\/v2\/product\/46767"}],"collection":[{"href":"https:\/\/ramrolf.lv\/lv\/wp-json\/wp\/v2\/product"}],"about":[{"href":"https:\/\/ramrolf.lv\/lv\/wp-json\/wp\/v2\/types\/product"}],"wp:featuredmedia":[{"embeddable":true,"href":"https:\/\/ramrolf.lv\/lv\/wp-json\/wp\/v2\/media\/46897"}],"wp:attachment":[{"href":"https:\/\/ramrolf.lv\/lv\/wp-json\/wp\/v2\/media?parent=46767"}],"wp:term":[{"taxonomy":"product_cat","embeddable":true,"href":"https:\/\/ramrolf.lv\/lv\/wp-json\/wp\/v2\/product_cat?post=46767"},{"taxonomy":"product_tag","embeddable":true,"href":"https:\/\/ramrolf.lv\/lv\/wp-json\/wp\/v2\/product_tag?post=46767"}],"curies":[{"name":"wp","href":"https:\/\/api.w.org\/{rel}","templated":true}]}}