{"id":46774,"date":"2019-01-28T16:34:37","date_gmt":"2019-01-28T13:34:37","guid":{"rendered":"https:\/\/ramrolf.eu\/product\/new-product-2\/"},"modified":"2019-02-15T01:57:20","modified_gmt":"2019-02-14T22:57:20","slug":"papirs-piezimem-8-5-x-8-5cm-300-lpp-balts","status":"publish","type":"product","link":"https:\/\/ramrolf.lv\/lv\/product\/papirs-piezimem-8-5-x-8-5cm-300-lpp-balts\/","title":{"rendered":"Pap\u012brs piez\u012bm\u0113m 8.5 x 8.5cm 300 lpp balts"},"content":{"rendered":"","protected":false},"excerpt":{"rendered":"","protected":false},"featured_media":46959,"template":"","meta":[],"product_cat":[466],"product_tag":[],"_links":{"self":[{"href":"https:\/\/ramrolf.lv\/lv\/wp-json\/wp\/v2\/product\/46774"}],"collection":[{"href":"https:\/\/ramrolf.lv\/lv\/wp-json\/wp\/v2\/product"}],"about":[{"href":"https:\/\/ramrolf.lv\/lv\/wp-json\/wp\/v2\/types\/product"}],"wp:featuredmedia":[{"embeddable":true,"href":"https:\/\/ramrolf.lv\/lv\/wp-json\/wp\/v2\/media\/46959"}],"wp:attachment":[{"href":"https:\/\/ramrolf.lv\/lv\/wp-json\/wp\/v2\/media?parent=46774"}],"wp:term":[{"taxonomy":"product_cat","embeddable":true,"href":"https:\/\/ramrolf.lv\/lv\/wp-json\/wp\/v2\/product_cat?post=46774"},{"taxonomy":"product_tag","embeddable":true,"href":"https:\/\/ramrolf.lv\/lv\/wp-json\/wp\/v2\/product_tag?post=46774"}],"curies":[{"name":"wp","href":"https:\/\/api.w.org\/{rel}","templated":true}]}}