{"id":46775,"date":"2019-01-28T16:39:09","date_gmt":"2019-01-28T13:39:09","guid":{"rendered":"https:\/\/ramrolf.eu\/product\/new-product-2\/"},"modified":"2019-02-15T01:56:53","modified_gmt":"2019-02-14T22:56:53","slug":"papirs-piezimem-kastite-9-x-9-cm-300-lpp-balts","status":"publish","type":"product","link":"https:\/\/ramrolf.lv\/lv\/product\/papirs-piezimem-kastite-9-x-9-cm-300-lpp-balts\/","title":{"rendered":"Pap\u012brs piez\u012bm\u0113m kast\u012bt\u0113 9 x 9 cm, 300 lpp, balts"},"content":{"rendered":"","protected":false},"excerpt":{"rendered":"","protected":false},"featured_media":46959,"template":"","meta":[],"product_cat":[466],"product_tag":[],"_links":{"self":[{"href":"https:\/\/ramrolf.lv\/lv\/wp-json\/wp\/v2\/product\/46775"}],"collection":[{"href":"https:\/\/ramrolf.lv\/lv\/wp-json\/wp\/v2\/product"}],"about":[{"href":"https:\/\/ramrolf.lv\/lv\/wp-json\/wp\/v2\/types\/product"}],"wp:featuredmedia":[{"embeddable":true,"href":"https:\/\/ramrolf.lv\/lv\/wp-json\/wp\/v2\/media\/46959"}],"wp:attachment":[{"href":"https:\/\/ramrolf.lv\/lv\/wp-json\/wp\/v2\/media?parent=46775"}],"wp:term":[{"taxonomy":"product_cat","embeddable":true,"href":"https:\/\/ramrolf.lv\/lv\/wp-json\/wp\/v2\/product_cat?post=46775"},{"taxonomy":"product_tag","embeddable":true,"href":"https:\/\/ramrolf.lv\/lv\/wp-json\/wp\/v2\/product_tag?post=46775"}],"curies":[{"name":"wp","href":"https:\/\/api.w.org\/{rel}","templated":true}]}}