{"id":46782,"date":"2019-01-28T17:01:45","date_gmt":"2019-01-28T14:01:45","guid":{"rendered":"https:\/\/ramrolf.eu\/product\/new-product-2\/"},"modified":"2019-01-29T10:39:57","modified_gmt":"2019-01-29T07:39:57","slug":"limlapinas-7-6x7-6cm-100lp","status":"publish","type":"product","link":"https:\/\/ramrolf.lv\/lv\/product\/limlapinas-7-6x7-6cm-100lp\/","title":{"rendered":"L\u012bmlapi\u0146as 7.6\u00d77.6cm 100lp"},"content":{"rendered":"","protected":false},"excerpt":{"rendered":"","protected":false},"featured_media":39881,"template":"","meta":[],"product_cat":[465],"product_tag":[],"_links":{"self":[{"href":"https:\/\/ramrolf.lv\/lv\/wp-json\/wp\/v2\/product\/46782"}],"collection":[{"href":"https:\/\/ramrolf.lv\/lv\/wp-json\/wp\/v2\/product"}],"about":[{"href":"https:\/\/ramrolf.lv\/lv\/wp-json\/wp\/v2\/types\/product"}],"wp:featuredmedia":[{"embeddable":true,"href":"https:\/\/ramrolf.lv\/lv\/wp-json\/wp\/v2\/media\/39881"}],"wp:attachment":[{"href":"https:\/\/ramrolf.lv\/lv\/wp-json\/wp\/v2\/media?parent=46782"}],"wp:term":[{"taxonomy":"product_cat","embeddable":true,"href":"https:\/\/ramrolf.lv\/lv\/wp-json\/wp\/v2\/product_cat?post=46782"},{"taxonomy":"product_tag","embeddable":true,"href":"https:\/\/ramrolf.lv\/lv\/wp-json\/wp\/v2\/product_tag?post=46782"}],"curies":[{"name":"wp","href":"https:\/\/api.w.org\/{rel}","templated":true}]}}