{"id":46789,"date":"2019-01-28T17:37:38","date_gmt":"2019-01-28T14:37:38","guid":{"rendered":"https:\/\/ramrolf.eu\/product\/new-product-2\/"},"modified":"2019-01-29T10:37:19","modified_gmt":"2019-01-29T07:37:19","slug":"limlapinas-5-1x7-6cm-100lp-neon-assorti","status":"publish","type":"product","link":"https:\/\/ramrolf.lv\/lv\/product\/limlapinas-5-1x7-6cm-100lp-neon-assorti\/","title":{"rendered":"L\u012bmlapi\u0146as 5.1\u00d77.6cm 100lp. neon assorti"},"content":{"rendered":"","protected":false},"excerpt":{"rendered":"","protected":false},"featured_media":39881,"template":"","meta":[],"product_cat":[465],"product_tag":[],"_links":{"self":[{"href":"https:\/\/ramrolf.lv\/lv\/wp-json\/wp\/v2\/product\/46789"}],"collection":[{"href":"https:\/\/ramrolf.lv\/lv\/wp-json\/wp\/v2\/product"}],"about":[{"href":"https:\/\/ramrolf.lv\/lv\/wp-json\/wp\/v2\/types\/product"}],"wp:featuredmedia":[{"embeddable":true,"href":"https:\/\/ramrolf.lv\/lv\/wp-json\/wp\/v2\/media\/39881"}],"wp:attachment":[{"href":"https:\/\/ramrolf.lv\/lv\/wp-json\/wp\/v2\/media?parent=46789"}],"wp:term":[{"taxonomy":"product_cat","embeddable":true,"href":"https:\/\/ramrolf.lv\/lv\/wp-json\/wp\/v2\/product_cat?post=46789"},{"taxonomy":"product_tag","embeddable":true,"href":"https:\/\/ramrolf.lv\/lv\/wp-json\/wp\/v2\/product_tag?post=46789"}],"curies":[{"name":"wp","href":"https:\/\/api.w.org\/{rel}","templated":true}]}}