{"id":46812,"date":"2019-01-29T11:00:55","date_gmt":"2019-01-29T08:00:55","guid":{"rendered":"https:\/\/ramrolf.eu\/product\/new-product-2\/"},"modified":"2019-01-29T12:31:43","modified_gmt":"2019-01-29T09:31:43","slug":"z-veida-limlapinas-75x75-mm-dzeltenas-100-lpp","status":"publish","type":"product","link":"https:\/\/ramrolf.lv\/lv\/product\/z-veida-limlapinas-75x75-mm-dzeltenas-100-lpp\/","title":{"rendered":"Z-veida l\u012bmlapi\u0146as, 75\u00d775 mm, dzeltenas, 100 lpp"},"content":{"rendered":"","protected":false},"excerpt":{"rendered":"","protected":false},"featured_media":46825,"template":"","meta":[],"product_cat":[465],"product_tag":[],"_links":{"self":[{"href":"https:\/\/ramrolf.lv\/lv\/wp-json\/wp\/v2\/product\/46812"}],"collection":[{"href":"https:\/\/ramrolf.lv\/lv\/wp-json\/wp\/v2\/product"}],"about":[{"href":"https:\/\/ramrolf.lv\/lv\/wp-json\/wp\/v2\/types\/product"}],"wp:featuredmedia":[{"embeddable":true,"href":"https:\/\/ramrolf.lv\/lv\/wp-json\/wp\/v2\/media\/46825"}],"wp:attachment":[{"href":"https:\/\/ramrolf.lv\/lv\/wp-json\/wp\/v2\/media?parent=46812"}],"wp:term":[{"taxonomy":"product_cat","embeddable":true,"href":"https:\/\/ramrolf.lv\/lv\/wp-json\/wp\/v2\/product_cat?post=46812"},{"taxonomy":"product_tag","embeddable":true,"href":"https:\/\/ramrolf.lv\/lv\/wp-json\/wp\/v2\/product_tag?post=46812"}],"curies":[{"name":"wp","href":"https:\/\/api.w.org\/{rel}","templated":true}]}}