{"id":46816,"date":"2019-01-29T11:07:52","date_gmt":"2019-01-29T08:07:52","guid":{"rendered":"https:\/\/ramrolf.eu\/product\/new-product-2\/"},"modified":"2019-02-15T01:18:26","modified_gmt":"2019-02-14T22:18:26","slug":"limlapinas-75x75mm-pastelroza-80-lpp","status":"publish","type":"product","link":"https:\/\/ramrolf.lv\/lv\/product\/limlapinas-75x75mm-pastelroza-80-lpp\/","title":{"rendered":"L\u012bmlapi\u0146as 75x75mm, paste\u013croz\u0101 , 80 lpp"},"content":{"rendered":"","protected":false},"excerpt":{"rendered":"","protected":false},"featured_media":46951,"template":"","meta":[],"product_cat":[465],"product_tag":[],"_links":{"self":[{"href":"https:\/\/ramrolf.lv\/lv\/wp-json\/wp\/v2\/product\/46816"}],"collection":[{"href":"https:\/\/ramrolf.lv\/lv\/wp-json\/wp\/v2\/product"}],"about":[{"href":"https:\/\/ramrolf.lv\/lv\/wp-json\/wp\/v2\/types\/product"}],"wp:featuredmedia":[{"embeddable":true,"href":"https:\/\/ramrolf.lv\/lv\/wp-json\/wp\/v2\/media\/46951"}],"wp:attachment":[{"href":"https:\/\/ramrolf.lv\/lv\/wp-json\/wp\/v2\/media?parent=46816"}],"wp:term":[{"taxonomy":"product_cat","embeddable":true,"href":"https:\/\/ramrolf.lv\/lv\/wp-json\/wp\/v2\/product_cat?post=46816"},{"taxonomy":"product_tag","embeddable":true,"href":"https:\/\/ramrolf.lv\/lv\/wp-json\/wp\/v2\/product_tag?post=46816"}],"curies":[{"name":"wp","href":"https:\/\/api.w.org\/{rel}","templated":true}]}}