{"id":46823,"date":"2019-01-29T11:24:30","date_gmt":"2019-01-29T08:24:30","guid":{"rendered":"https:\/\/ramrolf.eu\/product\/new-product-2\/"},"modified":"2019-01-29T12:32:46","modified_gmt":"2019-01-29T09:32:46","slug":"z-veida-limlapinas-75x75-mm-neona-dzeltena-krasa-80-lpp","status":"publish","type":"product","link":"https:\/\/ramrolf.lv\/lv\/product\/z-veida-limlapinas-75x75-mm-neona-dzeltena-krasa-80-lpp\/","title":{"rendered":"Z-veida l\u012bmlapi\u0146as 75\u00d775 mm, neona dzeltena kr\u0101sa, 80 lpp"},"content":{"rendered":"","protected":false},"excerpt":{"rendered":"","protected":false},"featured_media":46826,"template":"","meta":[],"product_cat":[465],"product_tag":[],"_links":{"self":[{"href":"https:\/\/ramrolf.lv\/lv\/wp-json\/wp\/v2\/product\/46823"}],"collection":[{"href":"https:\/\/ramrolf.lv\/lv\/wp-json\/wp\/v2\/product"}],"about":[{"href":"https:\/\/ramrolf.lv\/lv\/wp-json\/wp\/v2\/types\/product"}],"wp:featuredmedia":[{"embeddable":true,"href":"https:\/\/ramrolf.lv\/lv\/wp-json\/wp\/v2\/media\/46826"}],"wp:attachment":[{"href":"https:\/\/ramrolf.lv\/lv\/wp-json\/wp\/v2\/media?parent=46823"}],"wp:term":[{"taxonomy":"product_cat","embeddable":true,"href":"https:\/\/ramrolf.lv\/lv\/wp-json\/wp\/v2\/product_cat?post=46823"},{"taxonomy":"product_tag","embeddable":true,"href":"https:\/\/ramrolf.lv\/lv\/wp-json\/wp\/v2\/product_tag?post=46823"}],"curies":[{"name":"wp","href":"https:\/\/api.w.org\/{rel}","templated":true}]}}