{"id":46824,"date":"2019-01-29T11:26:03","date_gmt":"2019-01-29T08:26:03","guid":{"rendered":"https:\/\/ramrolf.eu\/product\/new-product-2\/"},"modified":"2019-01-29T12:33:42","modified_gmt":"2019-01-29T09:33:42","slug":"z-veida-limlapinas-75x75-mm-4-dazadas-mix-krasas-100-lpp","status":"publish","type":"product","link":"https:\/\/ramrolf.lv\/lv\/product\/z-veida-limlapinas-75x75-mm-4-dazadas-mix-krasas-100-lpp\/","title":{"rendered":"Z-veida l\u012bmlapi\u0146as 75\u00d775 mm, 4 da\u017e\u0101d\u0101s mix kr\u0101s\u0101s, 100 lpp"},"content":{"rendered":"","protected":false},"excerpt":{"rendered":"","protected":false},"featured_media":46827,"template":"","meta":[],"product_cat":[465],"product_tag":[],"_links":{"self":[{"href":"https:\/\/ramrolf.lv\/lv\/wp-json\/wp\/v2\/product\/46824"}],"collection":[{"href":"https:\/\/ramrolf.lv\/lv\/wp-json\/wp\/v2\/product"}],"about":[{"href":"https:\/\/ramrolf.lv\/lv\/wp-json\/wp\/v2\/types\/product"}],"wp:featuredmedia":[{"embeddable":true,"href":"https:\/\/ramrolf.lv\/lv\/wp-json\/wp\/v2\/media\/46827"}],"wp:attachment":[{"href":"https:\/\/ramrolf.lv\/lv\/wp-json\/wp\/v2\/media?parent=46824"}],"wp:term":[{"taxonomy":"product_cat","embeddable":true,"href":"https:\/\/ramrolf.lv\/lv\/wp-json\/wp\/v2\/product_cat?post=46824"},{"taxonomy":"product_tag","embeddable":true,"href":"https:\/\/ramrolf.lv\/lv\/wp-json\/wp\/v2\/product_tag?post=46824"}],"curies":[{"name":"wp","href":"https:\/\/api.w.org\/{rel}","templated":true}]}}