{"id":46836,"date":"2019-01-29T16:59:42","date_gmt":"2019-01-29T13:59:42","guid":{"rendered":"https:\/\/ramrolf.eu\/product\/new-product-2\/"},"modified":"2019-02-15T01:02:18","modified_gmt":"2019-02-14T22:02:18","slug":"indeksi-bultinas-plastikatu-5-dazadu-krasu-x-25-lpp-12x44-mm","status":"publish","type":"product","link":"https:\/\/ramrolf.lv\/lv\/product\/indeksi-bultinas-plastikatu-5-dazadu-krasu-x-25-lpp-12x44-mm\/","title":{"rendered":"Indeksi-bulti\u0146as, plastik\u0101tu, 5 da\u017e\u0101du kr\u0101su x 25 lpp, 12&#215;44 mm"},"content":{"rendered":"","protected":false},"excerpt":{"rendered":"","protected":false},"featured_media":46942,"template":"","meta":[],"product_cat":[480],"product_tag":[],"_links":{"self":[{"href":"https:\/\/ramrolf.lv\/lv\/wp-json\/wp\/v2\/product\/46836"}],"collection":[{"href":"https:\/\/ramrolf.lv\/lv\/wp-json\/wp\/v2\/product"}],"about":[{"href":"https:\/\/ramrolf.lv\/lv\/wp-json\/wp\/v2\/types\/product"}],"wp:featuredmedia":[{"embeddable":true,"href":"https:\/\/ramrolf.lv\/lv\/wp-json\/wp\/v2\/media\/46942"}],"wp:attachment":[{"href":"https:\/\/ramrolf.lv\/lv\/wp-json\/wp\/v2\/media?parent=46836"}],"wp:term":[{"taxonomy":"product_cat","embeddable":true,"href":"https:\/\/ramrolf.lv\/lv\/wp-json\/wp\/v2\/product_cat?post=46836"},{"taxonomy":"product_tag","embeddable":true,"href":"https:\/\/ramrolf.lv\/lv\/wp-json\/wp\/v2\/product_tag?post=46836"}],"curies":[{"name":"wp","href":"https:\/\/api.w.org\/{rel}","templated":true}]}}