{"id":46839,"date":"2019-01-29T17:04:41","date_gmt":"2019-01-29T14:04:41","guid":{"rendered":"https:\/\/ramrolf.eu\/product\/new-product-2\/"},"modified":"2019-02-15T00:57:08","modified_gmt":"2019-02-14T21:57:08","slug":"indeksi-turetajos-12x44-mm-3-krasu-x25-lpp-pvc","status":"publish","type":"product","link":"https:\/\/ramrolf.lv\/lv\/product\/indeksi-turetajos-12x44-mm-3-krasu-x25-lpp-pvc\/","title":{"rendered":"Indeksi tur\u0113t\u0101jos 12&#215;44 mm, 3 kr\u0101su x25 lpp, PVC"},"content":{"rendered":"","protected":false},"excerpt":{"rendered":"","protected":false},"featured_media":46938,"template":"","meta":[],"product_cat":[480],"product_tag":[],"_links":{"self":[{"href":"https:\/\/ramrolf.lv\/lv\/wp-json\/wp\/v2\/product\/46839"}],"collection":[{"href":"https:\/\/ramrolf.lv\/lv\/wp-json\/wp\/v2\/product"}],"about":[{"href":"https:\/\/ramrolf.lv\/lv\/wp-json\/wp\/v2\/types\/product"}],"wp:featuredmedia":[{"embeddable":true,"href":"https:\/\/ramrolf.lv\/lv\/wp-json\/wp\/v2\/media\/46938"}],"wp:attachment":[{"href":"https:\/\/ramrolf.lv\/lv\/wp-json\/wp\/v2\/media?parent=46839"}],"wp:term":[{"taxonomy":"product_cat","embeddable":true,"href":"https:\/\/ramrolf.lv\/lv\/wp-json\/wp\/v2\/product_cat?post=46839"},{"taxonomy":"product_tag","embeddable":true,"href":"https:\/\/ramrolf.lv\/lv\/wp-json\/wp\/v2\/product_tag?post=46839"}],"curies":[{"name":"wp","href":"https:\/\/api.w.org\/{rel}","templated":true}]}}