{"id":46851,"date":"2019-01-30T11:28:50","date_gmt":"2019-01-30T08:28:50","guid":{"rendered":"https:\/\/ramrolf.eu\/product\/new-product-3\/"},"modified":"2019-02-15T00:44:23","modified_gmt":"2019-02-14T21:44:23","slug":"kabatinas-vizitkartem-kristaldzidra-a4-10-gab","status":"publish","type":"product","link":"https:\/\/ramrolf.lv\/lv\/product\/kabatinas-vizitkartem-kristaldzidra-a4-10-gab\/","title":{"rendered":"Kabati\u0146as viz\u012btkart\u0113m- krist\u0101ldzidra A4, 10 gab."},"content":{"rendered":"","protected":false},"excerpt":{"rendered":"<p>Biezums 0.5 mm , mal\u0101 11 caurumi, form\u0101ts A4, 10 viz\u012btkart\u0113m, krist\u0101ldzidra, min. iepakojums 10 gab.<\/p>\n","protected":false},"featured_media":46932,"template":"","meta":[],"product_cat":[482],"product_tag":[],"_links":{"self":[{"href":"https:\/\/ramrolf.lv\/lv\/wp-json\/wp\/v2\/product\/46851"}],"collection":[{"href":"https:\/\/ramrolf.lv\/lv\/wp-json\/wp\/v2\/product"}],"about":[{"href":"https:\/\/ramrolf.lv\/lv\/wp-json\/wp\/v2\/types\/product"}],"wp:featuredmedia":[{"embeddable":true,"href":"https:\/\/ramrolf.lv\/lv\/wp-json\/wp\/v2\/media\/46932"}],"wp:attachment":[{"href":"https:\/\/ramrolf.lv\/lv\/wp-json\/wp\/v2\/media?parent=46851"}],"wp:term":[{"taxonomy":"product_cat","embeddable":true,"href":"https:\/\/ramrolf.lv\/lv\/wp-json\/wp\/v2\/product_cat?post=46851"},{"taxonomy":"product_tag","embeddable":true,"href":"https:\/\/ramrolf.lv\/lv\/wp-json\/wp\/v2\/product_tag?post=46851"}],"curies":[{"name":"wp","href":"https:\/\/api.w.org\/{rel}","templated":true}]}}