{"id":46857,"date":"2019-01-30T14:33:22","date_gmt":"2019-01-30T11:33:22","guid":{"rendered":"https:\/\/ramrolf.eu\/product\/new-product-3\/"},"modified":"2019-02-15T00:32:47","modified_gmt":"2019-02-14T21:32:47","slug":"dokumentu-sastiprinatajs-plastmasa","status":"publish","type":"product","link":"https:\/\/ramrolf.lv\/lv\/product\/dokumentu-sastiprinatajs-plastmasa\/","title":{"rendered":"Dokumentu sastiprin\u0101t\u0101js plastmasa"},"content":{"rendered":"","protected":false},"excerpt":{"rendered":"<p>stiprin\u0101juma garums 12 cm, 100gb<\/p>\n","protected":false},"featured_media":46929,"template":"","meta":[],"product_cat":[477],"product_tag":[],"_links":{"self":[{"href":"https:\/\/ramrolf.lv\/lv\/wp-json\/wp\/v2\/product\/46857"}],"collection":[{"href":"https:\/\/ramrolf.lv\/lv\/wp-json\/wp\/v2\/product"}],"about":[{"href":"https:\/\/ramrolf.lv\/lv\/wp-json\/wp\/v2\/types\/product"}],"wp:featuredmedia":[{"embeddable":true,"href":"https:\/\/ramrolf.lv\/lv\/wp-json\/wp\/v2\/media\/46929"}],"wp:attachment":[{"href":"https:\/\/ramrolf.lv\/lv\/wp-json\/wp\/v2\/media?parent=46857"}],"wp:term":[{"taxonomy":"product_cat","embeddable":true,"href":"https:\/\/ramrolf.lv\/lv\/wp-json\/wp\/v2\/product_cat?post=46857"},{"taxonomy":"product_tag","embeddable":true,"href":"https:\/\/ramrolf.lv\/lv\/wp-json\/wp\/v2\/product_tag?post=46857"}],"curies":[{"name":"wp","href":"https:\/\/api.w.org\/{rel}","templated":true}]}}