{"id":46861,"date":"2019-01-30T14:43:19","date_gmt":"2019-01-30T11:43:19","guid":{"rendered":"https:\/\/ramrolf.eu\/product\/new-product-3\/"},"modified":"2019-02-15T00:24:50","modified_gmt":"2019-02-14T21:24:50","slug":"arhiva-kaste-no-kartona-izmers-450x340x295-mm","status":"publish","type":"product","link":"https:\/\/ramrolf.lv\/lv\/product\/arhiva-kaste-no-kartona-izmers-450x340x295-mm\/","title":{"rendered":"Arh\u012bva kaste no kartona, izm\u0113rs 450x340x295 mm"},"content":{"rendered":"","protected":false},"excerpt":{"rendered":"<p>Iztur svaru l\u012bdz 25 kg<\/p>\n","protected":false},"featured_media":46926,"template":"","meta":[],"product_cat":[477],"product_tag":[],"_links":{"self":[{"href":"https:\/\/ramrolf.lv\/lv\/wp-json\/wp\/v2\/product\/46861"}],"collection":[{"href":"https:\/\/ramrolf.lv\/lv\/wp-json\/wp\/v2\/product"}],"about":[{"href":"https:\/\/ramrolf.lv\/lv\/wp-json\/wp\/v2\/types\/product"}],"wp:featuredmedia":[{"embeddable":true,"href":"https:\/\/ramrolf.lv\/lv\/wp-json\/wp\/v2\/media\/46926"}],"wp:attachment":[{"href":"https:\/\/ramrolf.lv\/lv\/wp-json\/wp\/v2\/media?parent=46861"}],"wp:term":[{"taxonomy":"product_cat","embeddable":true,"href":"https:\/\/ramrolf.lv\/lv\/wp-json\/wp\/v2\/product_cat?post=46861"},{"taxonomy":"product_tag","embeddable":true,"href":"https:\/\/ramrolf.lv\/lv\/wp-json\/wp\/v2\/product_tag?post=46861"}],"curies":[{"name":"wp","href":"https:\/\/api.w.org\/{rel}","templated":true}]}}