{"id":46862,"date":"2019-01-30T14:53:57","date_gmt":"2019-01-30T11:53:57","guid":{"rendered":"https:\/\/ramrolf.eu\/product\/new-product-3\/"},"modified":"2019-02-27T11:47:04","modified_gmt":"2019-02-27T08:47:04","slug":"iekarinama-kartotekas-mape-forpus-a4-oranza","status":"publish","type":"product","link":"https:\/\/ramrolf.lv\/lv\/product\/iekarinama-kartotekas-mape-forpus-a4-oranza\/","title":{"rendered":"Iekarin\u0101m\u0101 kartot\u0113kas mape FORPUS A4, oran\u017ea"},"content":{"rendered":"","protected":false},"excerpt":{"rendered":"<p>\u201eV\u201d veida mape no pl\u0101na, bl\u012bva kartona ar iztur\u012bg\u0101m plastmasas vadotn\u0113m. Komplekt\u0101 caursp\u012bd\u012bgas plastmasas mar\u0137\u0113juma lodzi\u0146\u0161.<\/p>\n","protected":false},"featured_media":46925,"template":"","meta":[],"product_cat":[481],"product_tag":[],"_links":{"self":[{"href":"https:\/\/ramrolf.lv\/lv\/wp-json\/wp\/v2\/product\/46862"}],"collection":[{"href":"https:\/\/ramrolf.lv\/lv\/wp-json\/wp\/v2\/product"}],"about":[{"href":"https:\/\/ramrolf.lv\/lv\/wp-json\/wp\/v2\/types\/product"}],"wp:featuredmedia":[{"embeddable":true,"href":"https:\/\/ramrolf.lv\/lv\/wp-json\/wp\/v2\/media\/46925"}],"wp:attachment":[{"href":"https:\/\/ramrolf.lv\/lv\/wp-json\/wp\/v2\/media?parent=46862"}],"wp:term":[{"taxonomy":"product_cat","embeddable":true,"href":"https:\/\/ramrolf.lv\/lv\/wp-json\/wp\/v2\/product_cat?post=46862"},{"taxonomy":"product_tag","embeddable":true,"href":"https:\/\/ramrolf.lv\/lv\/wp-json\/wp\/v2\/product_tag?post=46862"}],"curies":[{"name":"wp","href":"https:\/\/api.w.org\/{rel}","templated":true}]}}