{"id":46865,"date":"2019-01-30T15:10:48","date_gmt":"2019-01-30T12:10:48","guid":{"rendered":"https:\/\/ramrolf.eu\/product\/new-product-3\/"},"modified":"2019-02-21T17:34:59","modified_gmt":"2019-02-21T14:34:59","slug":"plansete-forpus-a4-sarkana","status":"publish","type":"product","link":"https:\/\/ramrolf.lv\/lv\/product\/plansete-forpus-a4-sarkana\/","title":{"rendered":"Plan\u0161ete FORPUS A4 , sarkana"},"content":{"rendered":"","protected":false},"excerpt":{"rendered":"<p>Vienk\u0101r\u0161s, \u0113rts, dro\u0161s piespied\u0113jmeh\u0101nisms. Izgatavota no kartona, apl\u012bm\u0113ta ar PVC pl\u0113vi.<\/p>\n","protected":false},"featured_media":46924,"template":"","meta":[],"product_cat":[479],"product_tag":[],"_links":{"self":[{"href":"https:\/\/ramrolf.lv\/lv\/wp-json\/wp\/v2\/product\/46865"}],"collection":[{"href":"https:\/\/ramrolf.lv\/lv\/wp-json\/wp\/v2\/product"}],"about":[{"href":"https:\/\/ramrolf.lv\/lv\/wp-json\/wp\/v2\/types\/product"}],"wp:featuredmedia":[{"embeddable":true,"href":"https:\/\/ramrolf.lv\/lv\/wp-json\/wp\/v2\/media\/46924"}],"wp:attachment":[{"href":"https:\/\/ramrolf.lv\/lv\/wp-json\/wp\/v2\/media?parent=46865"}],"wp:term":[{"taxonomy":"product_cat","embeddable":true,"href":"https:\/\/ramrolf.lv\/lv\/wp-json\/wp\/v2\/product_cat?post=46865"},{"taxonomy":"product_tag","embeddable":true,"href":"https:\/\/ramrolf.lv\/lv\/wp-json\/wp\/v2\/product_tag?post=46865"}],"curies":[{"name":"wp","href":"https:\/\/api.w.org\/{rel}","templated":true}]}}