{"id":46872,"date":"2019-01-31T16:31:12","date_gmt":"2019-01-31T13:31:12","guid":{"rendered":"https:\/\/ramrolf.eu\/product\/new-product-3\/"},"modified":"2019-02-15T00:03:45","modified_gmt":"2019-02-14T21:03:45","slug":"mehaniskais-zimulis-sprint-0-7mm","status":"publish","type":"product","link":"https:\/\/ramrolf.lv\/lv\/product\/mehaniskais-zimulis-sprint-0-7mm\/","title":{"rendered":"Meh\u0101niskais z\u012bmulis SPRINT 0.7mm"},"content":{"rendered":"","protected":false},"excerpt":{"rendered":"<p>Autom\u0101tiskais z\u012bmulis. Viegls, \u0113rts korpuss. \u0112rts atbalsts pirkstiem no m\u012bkstas gumijas. Serde\u0146a ciet\u012bba HB. L\u012bnijas biezums \u2013 0,7 mm.<\/p>\n","protected":false},"featured_media":46921,"template":"","meta":[],"product_cat":[893],"product_tag":[],"_links":{"self":[{"href":"https:\/\/ramrolf.lv\/lv\/wp-json\/wp\/v2\/product\/46872"}],"collection":[{"href":"https:\/\/ramrolf.lv\/lv\/wp-json\/wp\/v2\/product"}],"about":[{"href":"https:\/\/ramrolf.lv\/lv\/wp-json\/wp\/v2\/types\/product"}],"wp:featuredmedia":[{"embeddable":true,"href":"https:\/\/ramrolf.lv\/lv\/wp-json\/wp\/v2\/media\/46921"}],"wp:attachment":[{"href":"https:\/\/ramrolf.lv\/lv\/wp-json\/wp\/v2\/media?parent=46872"}],"wp:term":[{"taxonomy":"product_cat","embeddable":true,"href":"https:\/\/ramrolf.lv\/lv\/wp-json\/wp\/v2\/product_cat?post=46872"},{"taxonomy":"product_tag","embeddable":true,"href":"https:\/\/ramrolf.lv\/lv\/wp-json\/wp\/v2\/product_tag?post=46872"}],"curies":[{"name":"wp","href":"https:\/\/api.w.org\/{rel}","templated":true}]}}